{"id":3259,"date":"2026-03-02T18:43:05","date_gmt":"2026-03-02T17:43:05","guid":{"rendered":"https:\/\/eduard-moerike-schule.de\/?page_id=3259"},"modified":"2026-03-03T13:32:20","modified_gmt":"2026-03-03T12:32:20","slug":"schulhuendin","status":"publish","type":"page","link":"https:\/\/eduard-moerike-schule.de\/index.php\/schulhuendin\/","title":{"rendered":"Schulh\u00fcndin"},"content":{"rendered":"\n<p>Seit einiger Zeit geh\u00f6rt Schulh\u00fcndin Zoe fest zu unserem Schulalltag. Sie begleitet die Kinder im Unterricht und bei ausgew\u00e4hlten schulischen Angeboten und tr\u00e4gt zu einer positiven und ruhigen Lernatmosph\u00e4re bei.<\/p>\n\n\n\n<p>Das vollst\u00e4ndige Schulhundkonzept steht als <a href=\"https:\/\/eduard-moerike-schule.de\/wp-content\/uploads\/2026\/03\/Schulhundkonzept-1.pdf\">PDF zum Download<\/a> bereit.<\/p>\n\n\n\n<figure class=\"wp-block-image size-large\"><img loading=\"lazy\" decoding=\"async\" width=\"683\" height=\"1024\" src=\"https:\/\/eduard-moerike-schule.de\/wp-content\/uploads\/2026\/03\/IMG_6198-683x1024.jpg\" alt=\"\" class=\"wp-image-3265\" srcset=\"https:\/\/eduard-moerike-schule.de\/wp-content\/uploads\/2026\/03\/IMG_6198-683x1024.jpg 683w, https:\/\/eduard-moerike-schule.de\/wp-content\/uploads\/2026\/03\/IMG_6198-200x300.jpg 200w, https:\/\/eduard-moerike-schule.de\/wp-content\/uploads\/2026\/03\/IMG_6198-768x1152.jpg 768w, https:\/\/eduard-moerike-schule.de\/wp-content\/uploads\/2026\/03\/IMG_6198-1024x1536.jpg 1024w, https:\/\/eduard-moerike-schule.de\/wp-content\/uploads\/2026\/03\/IMG_6198-16x24.jpg 16w, https:\/\/eduard-moerike-schule.de\/wp-content\/uploads\/2026\/03\/IMG_6198-24x36.jpg 24w, https:\/\/eduard-moerike-schule.de\/wp-content\/uploads\/2026\/03\/IMG_6198-32x48.jpg 32w, https:\/\/eduard-moerike-schule.de\/wp-content\/uploads\/2026\/03\/IMG_6198.jpg 1280w\" sizes=\"auto, (max-width: 683px) 100vw, 683px\" \/><\/figure>\n\n\n\n<figure class=\"wp-block-image size-large\"><img loading=\"lazy\" decoding=\"async\" width=\"683\" height=\"1024\" src=\"https:\/\/eduard-moerike-schule.de\/wp-content\/uploads\/2026\/03\/IMG_6199-683x1024.jpg\" alt=\"\" class=\"wp-image-3266\" srcset=\"https:\/\/eduard-moerike-schule.de\/wp-content\/uploads\/2026\/03\/IMG_6199-683x1024.jpg 683w, https:\/\/eduard-moerike-schule.de\/wp-content\/uploads\/2026\/03\/IMG_6199-200x300.jpg 200w, https:\/\/eduard-moerike-schule.de\/wp-content\/uploads\/2026\/03\/IMG_6199-768x1152.jpg 768w, https:\/\/eduard-moerike-schule.de\/wp-content\/uploads\/2026\/03\/IMG_6199-1024x1536.jpg 1024w, https:\/\/eduard-moerike-schule.de\/wp-content\/uploads\/2026\/03\/IMG_6199-16x24.jpg 16w, https:\/\/eduard-moerike-schule.de\/wp-content\/uploads\/2026\/03\/IMG_6199-24x36.jpg 24w, https:\/\/eduard-moerike-schule.de\/wp-content\/uploads\/2026\/03\/IMG_6199-32x48.jpg 32w, https:\/\/eduard-moerike-schule.de\/wp-content\/uploads\/2026\/03\/IMG_6199.jpg 1280w\" sizes=\"auto, (max-width: 683px) 100vw, 683px\" \/><\/figure>\n","protected":false},"excerpt":{"rendered":"<p>Seit einiger Zeit geh\u00f6rt Schulh\u00fcndin Zoe fest zu unserem Schulalltag. Sie begleitet die Kinder im Unterricht und bei ausgew\u00e4hlten schulischen Angeboten und tr\u00e4gt zu einer positiven und ruhigen Lernatmosph\u00e4re bei. Das vollst\u00e4ndige Schulhundkonzept steht als PDF zum Download bereit.<\/p>\n","protected":false},"author":6,"featured_media":0,"parent":0,"menu_order":0,"comment_status":"closed","ping_status":"closed","template":"","meta":{"footnotes":""},"class_list":["post-3259","page","type-page","status-publish","hentry"],"yoast_head":"<!-- This site is optimized with the Yoast SEO plugin v27.1.1 - https:\/\/yoast.com\/product\/yoast-seo-wordpress\/ -->\n<title>Schulh\u00fcndin - Eduard-M\u00f6rike-Grundschule Blaustein<\/title>\n<meta name=\"robots\" content=\"index, follow, max-snippet:-1, max-image-preview:large, max-video-preview:-1\" \/>\n<link rel=\"canonical\" href=\"https:\/\/eduard-moerike-schule.de\/index.php\/schulhuendin\/\" \/>\n<meta property=\"og:locale\" content=\"de_DE\" \/>\n<meta property=\"og:type\" content=\"article\" \/>\n<meta property=\"og:title\" content=\"Schulh\u00fcndin - Eduard-M\u00f6rike-Grundschule Blaustein\" \/>\n<meta property=\"og:description\" content=\"Seit einiger Zeit geh\u00f6rt Schulh\u00fcndin Zoe fest zu unserem Schulalltag. Sie begleitet die Kinder im Unterricht und bei ausgew\u00e4hlten schulischen Angeboten und tr\u00e4gt zu einer positiven und ruhigen Lernatmosph\u00e4re bei. Das vollst\u00e4ndige Schulhundkonzept steht als PDF zum Download bereit.\" \/>\n<meta property=\"og:url\" content=\"https:\/\/eduard-moerike-schule.de\/index.php\/schulhuendin\/\" \/>\n<meta property=\"og:site_name\" content=\"Eduard-M\u00f6rike-Grundschule Blaustein\" \/>\n<meta property=\"article:modified_time\" content=\"2026-03-03T12:32:20+00:00\" \/>\n<meta property=\"og:image\" content=\"https:\/\/eduard-moerike-schule.de\/wp-content\/uploads\/2026\/03\/IMG_6198-683x1024.jpg\" \/>\n\t<meta property=\"og:image:width\" content=\"683\" \/>\n\t<meta property=\"og:image:height\" content=\"1024\" \/>\n\t<meta property=\"og:image:type\" content=\"image\/jpeg\" \/>\n<meta name=\"twitter:card\" content=\"summary_large_image\" \/>\n<meta name=\"twitter:label1\" content=\"Gesch\u00e4tzte Lesezeit\" \/>\n\t<meta name=\"twitter:data1\" content=\"1\u00a0Minute\" \/>\n<script type=\"application\/ld+json\" class=\"yoast-schema-graph\">{\"@context\":\"https:\/\/schema.org\",\"@graph\":[{\"@type\":\"WebPage\",\"@id\":\"https:\/\/eduard-moerike-schule.de\/index.php\/schulhuendin\/\",\"url\":\"https:\/\/eduard-moerike-schule.de\/index.php\/schulhuendin\/\",\"name\":\"Schulh\u00fcndin - Eduard-M\u00f6rike-Grundschule Blaustein\",\"isPartOf\":{\"@id\":\"https:\/\/eduard-moerike-schule.de\/#website\"},\"primaryImageOfPage\":{\"@id\":\"https:\/\/eduard-moerike-schule.de\/index.php\/schulhuendin\/#primaryimage\"},\"image\":{\"@id\":\"https:\/\/eduard-moerike-schule.de\/index.php\/schulhuendin\/#primaryimage\"},\"thumbnailUrl\":\"https:\/\/eduard-moerike-schule.de\/wp-content\/uploads\/2026\/03\/IMG_6198-683x1024.jpg\",\"datePublished\":\"2026-03-02T17:43:05+00:00\",\"dateModified\":\"2026-03-03T12:32:20+00:00\",\"breadcrumb\":{\"@id\":\"https:\/\/eduard-moerike-schule.de\/index.php\/schulhuendin\/#breadcrumb\"},\"inLanguage\":\"de\",\"potentialAction\":[{\"@type\":\"ReadAction\",\"target\":[\"https:\/\/eduard-moerike-schule.de\/index.php\/schulhuendin\/\"]}]},{\"@type\":\"ImageObject\",\"inLanguage\":\"de\",\"@id\":\"https:\/\/eduard-moerike-schule.de\/index.php\/schulhuendin\/#primaryimage\",\"url\":\"https:\/\/eduard-moerike-schule.de\/wp-content\/uploads\/2026\/03\/IMG_6198.jpg\",\"contentUrl\":\"https:\/\/eduard-moerike-schule.de\/wp-content\/uploads\/2026\/03\/IMG_6198.jpg\",\"width\":1280,\"height\":1920},{\"@type\":\"BreadcrumbList\",\"@id\":\"https:\/\/eduard-moerike-schule.de\/index.php\/schulhuendin\/#breadcrumb\",\"itemListElement\":[{\"@type\":\"ListItem\",\"position\":1,\"name\":\"Startseite\",\"item\":\"https:\/\/eduard-moerike-schule.de\/\"},{\"@type\":\"ListItem\",\"position\":2,\"name\":\"Schulh\u00fcndin\"}]},{\"@type\":\"WebSite\",\"@id\":\"https:\/\/eduard-moerike-schule.de\/#website\",\"url\":\"https:\/\/eduard-moerike-schule.de\/\",\"name\":\"Eduard-M\u00f6rike-Grundschule Blaustein\",\"description\":\"Bunt &amp; Stark\",\"publisher\":{\"@id\":\"https:\/\/eduard-moerike-schule.de\/#organization\"},\"potentialAction\":[{\"@type\":\"SearchAction\",\"target\":{\"@type\":\"EntryPoint\",\"urlTemplate\":\"https:\/\/eduard-moerike-schule.de\/?s={search_term_string}\"},\"query-input\":{\"@type\":\"PropertyValueSpecification\",\"valueRequired\":true,\"valueName\":\"search_term_string\"}}],\"inLanguage\":\"de\"},{\"@type\":\"Organization\",\"@id\":\"https:\/\/eduard-moerike-schule.de\/#organization\",\"name\":\"Eduard-M\u00f6rike-Schule Blaustein\",\"url\":\"https:\/\/eduard-moerike-schule.de\/\",\"logo\":{\"@type\":\"ImageObject\",\"inLanguage\":\"de\",\"@id\":\"https:\/\/eduard-moerike-schule.de\/#\/schema\/logo\/image\/\",\"url\":\"https:\/\/eduard-moerike-schule.de\/wp-content\/uploads\/2017\/11\/logo_1000.jpg\",\"contentUrl\":\"https:\/\/eduard-moerike-schule.de\/wp-content\/uploads\/2017\/11\/logo_1000.jpg\",\"width\":1000,\"height\":356,\"caption\":\"Eduard-M\u00f6rike-Schule Blaustein\"},\"image\":{\"@id\":\"https:\/\/eduard-moerike-schule.de\/#\/schema\/logo\/image\/\"}}]}<\/script>\n<!-- \/ Yoast SEO plugin. -->","yoast_head_json":{"title":"Schulh\u00fcndin - Eduard-M\u00f6rike-Grundschule Blaustein","robots":{"index":"index","follow":"follow","max-snippet":"max-snippet:-1","max-image-preview":"max-image-preview:large","max-video-preview":"max-video-preview:-1"},"canonical":"https:\/\/eduard-moerike-schule.de\/index.php\/schulhuendin\/","og_locale":"de_DE","og_type":"article","og_title":"Schulh\u00fcndin - Eduard-M\u00f6rike-Grundschule Blaustein","og_description":"Seit einiger Zeit geh\u00f6rt Schulh\u00fcndin Zoe fest zu unserem Schulalltag. Sie begleitet die Kinder im Unterricht und bei ausgew\u00e4hlten schulischen Angeboten und tr\u00e4gt zu einer positiven und ruhigen Lernatmosph\u00e4re bei. Das vollst\u00e4ndige Schulhundkonzept steht als PDF zum Download bereit.","og_url":"https:\/\/eduard-moerike-schule.de\/index.php\/schulhuendin\/","og_site_name":"Eduard-M\u00f6rike-Grundschule Blaustein","article_modified_time":"2026-03-03T12:32:20+00:00","og_image":[{"width":683,"height":1024,"url":"https:\/\/eduard-moerike-schule.de\/wp-content\/uploads\/2026\/03\/IMG_6198-683x1024.jpg","type":"image\/jpeg"}],"twitter_card":"summary_large_image","twitter_misc":{"Gesch\u00e4tzte Lesezeit":"1\u00a0Minute"},"schema":{"@context":"https:\/\/schema.org","@graph":[{"@type":"WebPage","@id":"https:\/\/eduard-moerike-schule.de\/index.php\/schulhuendin\/","url":"https:\/\/eduard-moerike-schule.de\/index.php\/schulhuendin\/","name":"Schulh\u00fcndin - Eduard-M\u00f6rike-Grundschule Blaustein","isPartOf":{"@id":"https:\/\/eduard-moerike-schule.de\/#website"},"primaryImageOfPage":{"@id":"https:\/\/eduard-moerike-schule.de\/index.php\/schulhuendin\/#primaryimage"},"image":{"@id":"https:\/\/eduard-moerike-schule.de\/index.php\/schulhuendin\/#primaryimage"},"thumbnailUrl":"https:\/\/eduard-moerike-schule.de\/wp-content\/uploads\/2026\/03\/IMG_6198-683x1024.jpg","datePublished":"2026-03-02T17:43:05+00:00","dateModified":"2026-03-03T12:32:20+00:00","breadcrumb":{"@id":"https:\/\/eduard-moerike-schule.de\/index.php\/schulhuendin\/#breadcrumb"},"inLanguage":"de","potentialAction":[{"@type":"ReadAction","target":["https:\/\/eduard-moerike-schule.de\/index.php\/schulhuendin\/"]}]},{"@type":"ImageObject","inLanguage":"de","@id":"https:\/\/eduard-moerike-schule.de\/index.php\/schulhuendin\/#primaryimage","url":"https:\/\/eduard-moerike-schule.de\/wp-content\/uploads\/2026\/03\/IMG_6198.jpg","contentUrl":"https:\/\/eduard-moerike-schule.de\/wp-content\/uploads\/2026\/03\/IMG_6198.jpg","width":1280,"height":1920},{"@type":"BreadcrumbList","@id":"https:\/\/eduard-moerike-schule.de\/index.php\/schulhuendin\/#breadcrumb","itemListElement":[{"@type":"ListItem","position":1,"name":"Startseite","item":"https:\/\/eduard-moerike-schule.de\/"},{"@type":"ListItem","position":2,"name":"Schulh\u00fcndin"}]},{"@type":"WebSite","@id":"https:\/\/eduard-moerike-schule.de\/#website","url":"https:\/\/eduard-moerike-schule.de\/","name":"Eduard-M\u00f6rike-Grundschule Blaustein","description":"Bunt &amp; Stark","publisher":{"@id":"https:\/\/eduard-moerike-schule.de\/#organization"},"potentialAction":[{"@type":"SearchAction","target":{"@type":"EntryPoint","urlTemplate":"https:\/\/eduard-moerike-schule.de\/?s={search_term_string}"},"query-input":{"@type":"PropertyValueSpecification","valueRequired":true,"valueName":"search_term_string"}}],"inLanguage":"de"},{"@type":"Organization","@id":"https:\/\/eduard-moerike-schule.de\/#organization","name":"Eduard-M\u00f6rike-Schule Blaustein","url":"https:\/\/eduard-moerike-schule.de\/","logo":{"@type":"ImageObject","inLanguage":"de","@id":"https:\/\/eduard-moerike-schule.de\/#\/schema\/logo\/image\/","url":"https:\/\/eduard-moerike-schule.de\/wp-content\/uploads\/2017\/11\/logo_1000.jpg","contentUrl":"https:\/\/eduard-moerike-schule.de\/wp-content\/uploads\/2017\/11\/logo_1000.jpg","width":1000,"height":356,"caption":"Eduard-M\u00f6rike-Schule Blaustein"},"image":{"@id":"https:\/\/eduard-moerike-schule.de\/#\/schema\/logo\/image\/"}}]}},"_links":{"self":[{"href":"https:\/\/eduard-moerike-schule.de\/index.php\/wp-json\/wp\/v2\/pages\/3259","targetHints":{"allow":["GET"]}}],"collection":[{"href":"https:\/\/eduard-moerike-schule.de\/index.php\/wp-json\/wp\/v2\/pages"}],"about":[{"href":"https:\/\/eduard-moerike-schule.de\/index.php\/wp-json\/wp\/v2\/types\/page"}],"author":[{"embeddable":true,"href":"https:\/\/eduard-moerike-schule.de\/index.php\/wp-json\/wp\/v2\/users\/6"}],"replies":[{"embeddable":true,"href":"https:\/\/eduard-moerike-schule.de\/index.php\/wp-json\/wp\/v2\/comments?post=3259"}],"version-history":[{"count":3,"href":"https:\/\/eduard-moerike-schule.de\/index.php\/wp-json\/wp\/v2\/pages\/3259\/revisions"}],"predecessor-version":[{"id":3270,"href":"https:\/\/eduard-moerike-schule.de\/index.php\/wp-json\/wp\/v2\/pages\/3259\/revisions\/3270"}],"wp:attachment":[{"href":"https:\/\/eduard-moerike-schule.de\/index.php\/wp-json\/wp\/v2\/media?parent=3259"}],"curies":[{"name":"wp","href":"https:\/\/api.w.org\/{rel}","templated":true}]}}