{"id":2939,"date":"2025-02-02T16:08:23","date_gmt":"2025-02-02T15:08:23","guid":{"rendered":"https:\/\/eduard-moerike-schule.de\/?page_id=2939"},"modified":"2025-02-02T16:08:23","modified_gmt":"2025-02-02T15:08:23","slug":"werde-teil-des-teams","status":"publish","type":"page","link":"https:\/\/eduard-moerike-schule.de\/index.php\/werde-teil-des-teams\/","title":{"rendered":"Werde Teil des Teams"},"content":{"rendered":"\n<p>Wir freuen uns jederzeit \u00fcber interessierte Personen, die bei uns in der Schule mitwirken m\u00f6chten. Durch eure Unterst\u00fctzung in verschiedenen Bereichen des Unterrichts bereichert ihr unseren Schulalltag.<\/p>\n\n\n\n<p>Wir sind immer auf der Suche nach:<\/p>\n\n\n\n<ul class=\"wp-block-list\">\n<li>einer\u00a0<strong>FSJlerin  <\/strong>oder<strong> <\/strong>einem<strong> FSJler<\/strong>\u00a0(Bewerbung \u00fcber den TSV Arnegg: https:\/\/www.sportverein-arnegg.de) <\/li>\n\n\n\n<li><strong>Jugendbegleiterinnen oder Jugendbegleitern<\/strong>\u00a0\u00fcber das Jugendbegleiterprogramm<\/li>\n\n\n\n<li>qualifizierten und engagierten Menschen im <strong>monetarisierten Bereich <\/strong><\/li>\n<\/ul>\n\n\n\n<p>Wir freuen uns \u00fcber euren Anruf.\u00a0<\/p>\n\n\n\n<p><\/p>\n","protected":false},"excerpt":{"rendered":"<p>Wir freuen uns jederzeit \u00fcber interessierte Personen, die bei uns in der Schule mitwirken m\u00f6chten. Durch eure Unterst\u00fctzung in verschiedenen Bereichen des Unterrichts bereichert ihr unseren Schulalltag. Wir sind immer auf der Suche nach: Wir freuen uns \u00fcber euren Anruf.\u00a0<\/p>\n","protected":false},"author":6,"featured_media":0,"parent":0,"menu_order":0,"comment_status":"closed","ping_status":"closed","template":"","meta":{"footnotes":""},"class_list":["post-2939","page","type-page","status-publish","hentry"],"yoast_head":"<!-- This site is optimized with the Yoast SEO plugin v27.1.1 - https:\/\/yoast.com\/product\/yoast-seo-wordpress\/ -->\n<title>Werde Teil des Teams - Eduard-M\u00f6rike-Grundschule Blaustein<\/title>\n<meta name=\"robots\" content=\"index, follow, max-snippet:-1, max-image-preview:large, max-video-preview:-1\" \/>\n<link rel=\"canonical\" href=\"https:\/\/eduard-moerike-schule.de\/index.php\/werde-teil-des-teams\/\" \/>\n<meta property=\"og:locale\" content=\"de_DE\" \/>\n<meta property=\"og:type\" content=\"article\" \/>\n<meta property=\"og:title\" content=\"Werde Teil des Teams - Eduard-M\u00f6rike-Grundschule Blaustein\" \/>\n<meta property=\"og:description\" content=\"Wir freuen uns jederzeit \u00fcber interessierte Personen, die bei uns in der Schule mitwirken m\u00f6chten. Durch eure Unterst\u00fctzung in verschiedenen Bereichen des Unterrichts bereichert ihr unseren Schulalltag. Wir sind immer auf der Suche nach: Wir freuen uns \u00fcber euren Anruf.\u00a0\" \/>\n<meta property=\"og:url\" content=\"https:\/\/eduard-moerike-schule.de\/index.php\/werde-teil-des-teams\/\" \/>\n<meta property=\"og:site_name\" content=\"Eduard-M\u00f6rike-Grundschule Blaustein\" \/>\n<meta name=\"twitter:card\" content=\"summary_large_image\" \/>\n<meta name=\"twitter:label1\" content=\"Gesch\u00e4tzte Lesezeit\" \/>\n\t<meta name=\"twitter:data1\" content=\"1\u00a0Minute\" \/>\n<script type=\"application\/ld+json\" class=\"yoast-schema-graph\">{\"@context\":\"https:\/\/schema.org\",\"@graph\":[{\"@type\":\"WebPage\",\"@id\":\"https:\/\/eduard-moerike-schule.de\/index.php\/werde-teil-des-teams\/\",\"url\":\"https:\/\/eduard-moerike-schule.de\/index.php\/werde-teil-des-teams\/\",\"name\":\"Werde Teil des Teams - Eduard-M\u00f6rike-Grundschule Blaustein\",\"isPartOf\":{\"@id\":\"https:\/\/eduard-moerike-schule.de\/#website\"},\"datePublished\":\"2025-02-02T15:08:23+00:00\",\"breadcrumb\":{\"@id\":\"https:\/\/eduard-moerike-schule.de\/index.php\/werde-teil-des-teams\/#breadcrumb\"},\"inLanguage\":\"de\",\"potentialAction\":[{\"@type\":\"ReadAction\",\"target\":[\"https:\/\/eduard-moerike-schule.de\/index.php\/werde-teil-des-teams\/\"]}]},{\"@type\":\"BreadcrumbList\",\"@id\":\"https:\/\/eduard-moerike-schule.de\/index.php\/werde-teil-des-teams\/#breadcrumb\",\"itemListElement\":[{\"@type\":\"ListItem\",\"position\":1,\"name\":\"Startseite\",\"item\":\"https:\/\/eduard-moerike-schule.de\/\"},{\"@type\":\"ListItem\",\"position\":2,\"name\":\"Werde Teil des Teams\"}]},{\"@type\":\"WebSite\",\"@id\":\"https:\/\/eduard-moerike-schule.de\/#website\",\"url\":\"https:\/\/eduard-moerike-schule.de\/\",\"name\":\"Eduard-M\u00f6rike-Grundschule Blaustein\",\"description\":\"Bunt &amp; Stark\",\"publisher\":{\"@id\":\"https:\/\/eduard-moerike-schule.de\/#organization\"},\"potentialAction\":[{\"@type\":\"SearchAction\",\"target\":{\"@type\":\"EntryPoint\",\"urlTemplate\":\"https:\/\/eduard-moerike-schule.de\/?s={search_term_string}\"},\"query-input\":{\"@type\":\"PropertyValueSpecification\",\"valueRequired\":true,\"valueName\":\"search_term_string\"}}],\"inLanguage\":\"de\"},{\"@type\":\"Organization\",\"@id\":\"https:\/\/eduard-moerike-schule.de\/#organization\",\"name\":\"Eduard-M\u00f6rike-Schule Blaustein\",\"url\":\"https:\/\/eduard-moerike-schule.de\/\",\"logo\":{\"@type\":\"ImageObject\",\"inLanguage\":\"de\",\"@id\":\"https:\/\/eduard-moerike-schule.de\/#\/schema\/logo\/image\/\",\"url\":\"https:\/\/eduard-moerike-schule.de\/wp-content\/uploads\/2017\/11\/logo_1000.jpg\",\"contentUrl\":\"https:\/\/eduard-moerike-schule.de\/wp-content\/uploads\/2017\/11\/logo_1000.jpg\",\"width\":1000,\"height\":356,\"caption\":\"Eduard-M\u00f6rike-Schule Blaustein\"},\"image\":{\"@id\":\"https:\/\/eduard-moerike-schule.de\/#\/schema\/logo\/image\/\"}}]}<\/script>\n<!-- \/ Yoast SEO plugin. -->","yoast_head_json":{"title":"Werde Teil des Teams - Eduard-M\u00f6rike-Grundschule Blaustein","robots":{"index":"index","follow":"follow","max-snippet":"max-snippet:-1","max-image-preview":"max-image-preview:large","max-video-preview":"max-video-preview:-1"},"canonical":"https:\/\/eduard-moerike-schule.de\/index.php\/werde-teil-des-teams\/","og_locale":"de_DE","og_type":"article","og_title":"Werde Teil des Teams - Eduard-M\u00f6rike-Grundschule Blaustein","og_description":"Wir freuen uns jederzeit \u00fcber interessierte Personen, die bei uns in der Schule mitwirken m\u00f6chten. Durch eure Unterst\u00fctzung in verschiedenen Bereichen des Unterrichts bereichert ihr unseren Schulalltag. Wir sind immer auf der Suche nach: Wir freuen uns \u00fcber euren Anruf.\u00a0","og_url":"https:\/\/eduard-moerike-schule.de\/index.php\/werde-teil-des-teams\/","og_site_name":"Eduard-M\u00f6rike-Grundschule Blaustein","twitter_card":"summary_large_image","twitter_misc":{"Gesch\u00e4tzte Lesezeit":"1\u00a0Minute"},"schema":{"@context":"https:\/\/schema.org","@graph":[{"@type":"WebPage","@id":"https:\/\/eduard-moerike-schule.de\/index.php\/werde-teil-des-teams\/","url":"https:\/\/eduard-moerike-schule.de\/index.php\/werde-teil-des-teams\/","name":"Werde Teil des Teams - Eduard-M\u00f6rike-Grundschule Blaustein","isPartOf":{"@id":"https:\/\/eduard-moerike-schule.de\/#website"},"datePublished":"2025-02-02T15:08:23+00:00","breadcrumb":{"@id":"https:\/\/eduard-moerike-schule.de\/index.php\/werde-teil-des-teams\/#breadcrumb"},"inLanguage":"de","potentialAction":[{"@type":"ReadAction","target":["https:\/\/eduard-moerike-schule.de\/index.php\/werde-teil-des-teams\/"]}]},{"@type":"BreadcrumbList","@id":"https:\/\/eduard-moerike-schule.de\/index.php\/werde-teil-des-teams\/#breadcrumb","itemListElement":[{"@type":"ListItem","position":1,"name":"Startseite","item":"https:\/\/eduard-moerike-schule.de\/"},{"@type":"ListItem","position":2,"name":"Werde Teil des Teams"}]},{"@type":"WebSite","@id":"https:\/\/eduard-moerike-schule.de\/#website","url":"https:\/\/eduard-moerike-schule.de\/","name":"Eduard-M\u00f6rike-Grundschule Blaustein","description":"Bunt &amp; Stark","publisher":{"@id":"https:\/\/eduard-moerike-schule.de\/#organization"},"potentialAction":[{"@type":"SearchAction","target":{"@type":"EntryPoint","urlTemplate":"https:\/\/eduard-moerike-schule.de\/?s={search_term_string}"},"query-input":{"@type":"PropertyValueSpecification","valueRequired":true,"valueName":"search_term_string"}}],"inLanguage":"de"},{"@type":"Organization","@id":"https:\/\/eduard-moerike-schule.de\/#organization","name":"Eduard-M\u00f6rike-Schule Blaustein","url":"https:\/\/eduard-moerike-schule.de\/","logo":{"@type":"ImageObject","inLanguage":"de","@id":"https:\/\/eduard-moerike-schule.de\/#\/schema\/logo\/image\/","url":"https:\/\/eduard-moerike-schule.de\/wp-content\/uploads\/2017\/11\/logo_1000.jpg","contentUrl":"https:\/\/eduard-moerike-schule.de\/wp-content\/uploads\/2017\/11\/logo_1000.jpg","width":1000,"height":356,"caption":"Eduard-M\u00f6rike-Schule Blaustein"},"image":{"@id":"https:\/\/eduard-moerike-schule.de\/#\/schema\/logo\/image\/"}}]}},"_links":{"self":[{"href":"https:\/\/eduard-moerike-schule.de\/index.php\/wp-json\/wp\/v2\/pages\/2939","targetHints":{"allow":["GET"]}}],"collection":[{"href":"https:\/\/eduard-moerike-schule.de\/index.php\/wp-json\/wp\/v2\/pages"}],"about":[{"href":"https:\/\/eduard-moerike-schule.de\/index.php\/wp-json\/wp\/v2\/types\/page"}],"author":[{"embeddable":true,"href":"https:\/\/eduard-moerike-schule.de\/index.php\/wp-json\/wp\/v2\/users\/6"}],"replies":[{"embeddable":true,"href":"https:\/\/eduard-moerike-schule.de\/index.php\/wp-json\/wp\/v2\/comments?post=2939"}],"version-history":[{"count":1,"href":"https:\/\/eduard-moerike-schule.de\/index.php\/wp-json\/wp\/v2\/pages\/2939\/revisions"}],"predecessor-version":[{"id":2940,"href":"https:\/\/eduard-moerike-schule.de\/index.php\/wp-json\/wp\/v2\/pages\/2939\/revisions\/2940"}],"wp:attachment":[{"href":"https:\/\/eduard-moerike-schule.de\/index.php\/wp-json\/wp\/v2\/media?parent=2939"}],"curies":[{"name":"wp","href":"https:\/\/api.w.org\/{rel}","templated":true}]}}