{"id":278,"date":"2017-11-17T14:58:57","date_gmt":"2017-11-17T13:58:57","guid":{"rendered":"http:\/\/eduard-moerike-schule.de\/?page_id=278"},"modified":"2022-01-27T21:33:41","modified_gmt":"2022-01-27T20:33:41","slug":"feste","status":"publish","type":"page","link":"https:\/\/eduard-moerike-schule.de\/index.php\/feste\/","title":{"rendered":"Feste"},"content":{"rendered":"\n<div class=\"wp-block-columns is-layout-flex wp-container-core-columns-is-layout-9d6595d7 wp-block-columns-is-layout-flex\">\n<div class=\"wp-block-column is-layout-flow wp-block-column-is-layout-flow\" style=\"flex-basis:33.33%\">\n<figure class=\"wp-block-image size-full\"><img loading=\"lazy\" decoding=\"async\" width=\"237\" height=\"160\" src=\"https:\/\/eduard-moerike-schule.de\/wp-content\/uploads\/2017\/11\/Feste4.jpg\" alt=\"\" class=\"wp-image-338\"\/><\/figure>\n\n\n\n<p>\u201eMan muss immer etwas haben, worauf man sich freuen kann.\u201d<br>(Eduard M\u00f6rike)<\/p>\n\n\n\n<figure class=\"wp-block-image size-full\"><img loading=\"lazy\" decoding=\"async\" width=\"240\" height=\"160\" src=\"https:\/\/eduard-moerike-schule.de\/wp-content\/uploads\/2017\/11\/Feste1.jpg\" alt=\"\" class=\"wp-image-337\"\/><\/figure>\n<\/div>\n\n\n\n<div class=\"wp-block-column is-layout-flow wp-block-column-is-layout-flow\" style=\"flex-basis:66.66%\">\n<h2 class=\"wp-block-heading\">Wir feiern gern<\/h2>\n\n\n\n<p>Regelm\u00e4\u00dfig stattfindende Feste an unserer Schule sind:<\/p>\n\n\n\n<ul class=\"wp-block-list\"><li>Einschulung<\/li><li>Laternenfest<\/li><li>Adventsbesinnung mit Sch\u00fclern im Jahreswechsel mit der Advents-Werkstatt<\/li><li>Fasching<\/li><li>alle zwei Jahre ein Sommerfest im Wechsel mit der Vernissage als Abschluss der Projekttage<\/li><li>Sportfest<\/li><li>Abschied unserer Viertkl\u00e4ssler<\/li><li>Bunte Stunde<\/li><\/ul>\n<\/div>\n<\/div>\n\n\n\n<p><\/p>\n\n\n\n<p><\/p>\n","protected":false},"excerpt":{"rendered":"<p>\u201eMan muss immer etwas haben, worauf man sich freuen kann.\u201d(Eduard M\u00f6rike) Wir feiern gern Regelm\u00e4\u00dfig stattfindende Feste an unserer Schule sind: Einschulung Laternenfest Adventsbesinnung mit Sch\u00fclern im Jahreswechsel mit der Advents-Werkstatt Fasching alle zwei Jahre ein Sommerfest im Wechsel mit der Vernissage als Abschluss der Projekttage Sportfest Abschied unserer Viertkl\u00e4ssler Bunte Stunde<\/p>\n","protected":false},"author":1,"featured_media":0,"parent":0,"menu_order":0,"comment_status":"closed","ping_status":"closed","template":"","meta":{"footnotes":""},"class_list":["post-278","page","type-page","status-publish","hentry"],"yoast_head":"<!-- This site is optimized with the Yoast SEO plugin v27.1.1 - https:\/\/yoast.com\/product\/yoast-seo-wordpress\/ -->\n<title>Feste - Eduard-M\u00f6rike-Grundschule Blaustein<\/title>\n<meta name=\"robots\" content=\"index, follow, max-snippet:-1, max-image-preview:large, max-video-preview:-1\" \/>\n<link rel=\"canonical\" href=\"https:\/\/eduard-moerike-schule.de\/index.php\/feste\/\" \/>\n<meta property=\"og:locale\" content=\"de_DE\" \/>\n<meta property=\"og:type\" content=\"article\" \/>\n<meta property=\"og:title\" content=\"Feste - Eduard-M\u00f6rike-Grundschule Blaustein\" \/>\n<meta property=\"og:description\" content=\"\u201eMan muss immer etwas haben, worauf man sich freuen kann.\u201d(Eduard M\u00f6rike) Wir feiern gern Regelm\u00e4\u00dfig stattfindende Feste an unserer Schule sind: Einschulung Laternenfest Adventsbesinnung mit Sch\u00fclern im Jahreswechsel mit der Advents-Werkstatt Fasching alle zwei Jahre ein Sommerfest im Wechsel mit der Vernissage als Abschluss der Projekttage Sportfest Abschied unserer Viertkl\u00e4ssler Bunte Stunde\" \/>\n<meta property=\"og:url\" content=\"https:\/\/eduard-moerike-schule.de\/index.php\/feste\/\" \/>\n<meta property=\"og:site_name\" content=\"Eduard-M\u00f6rike-Grundschule Blaustein\" \/>\n<meta property=\"article:modified_time\" content=\"2022-01-27T20:33:41+00:00\" \/>\n<meta property=\"og:image\" content=\"http:\/\/eduard-moerike-schule.de\/wp-content\/uploads\/2017\/11\/Feste4.jpg\" \/>\n<meta name=\"twitter:card\" content=\"summary_large_image\" \/>\n<script type=\"application\/ld+json\" class=\"yoast-schema-graph\">{\"@context\":\"https:\/\/schema.org\",\"@graph\":[{\"@type\":\"WebPage\",\"@id\":\"https:\/\/eduard-moerike-schule.de\/index.php\/feste\/\",\"url\":\"https:\/\/eduard-moerike-schule.de\/index.php\/feste\/\",\"name\":\"Feste - Eduard-M\u00f6rike-Grundschule Blaustein\",\"isPartOf\":{\"@id\":\"https:\/\/eduard-moerike-schule.de\/#website\"},\"primaryImageOfPage\":{\"@id\":\"https:\/\/eduard-moerike-schule.de\/index.php\/feste\/#primaryimage\"},\"image\":{\"@id\":\"https:\/\/eduard-moerike-schule.de\/index.php\/feste\/#primaryimage\"},\"thumbnailUrl\":\"http:\/\/eduard-moerike-schule.de\/wp-content\/uploads\/2017\/11\/Feste4.jpg\",\"datePublished\":\"2017-11-17T13:58:57+00:00\",\"dateModified\":\"2022-01-27T20:33:41+00:00\",\"breadcrumb\":{\"@id\":\"https:\/\/eduard-moerike-schule.de\/index.php\/feste\/#breadcrumb\"},\"inLanguage\":\"de\",\"potentialAction\":[{\"@type\":\"ReadAction\",\"target\":[\"https:\/\/eduard-moerike-schule.de\/index.php\/feste\/\"]}]},{\"@type\":\"ImageObject\",\"inLanguage\":\"de\",\"@id\":\"https:\/\/eduard-moerike-schule.de\/index.php\/feste\/#primaryimage\",\"url\":\"http:\/\/eduard-moerike-schule.de\/wp-content\/uploads\/2017\/11\/Feste4.jpg\",\"contentUrl\":\"http:\/\/eduard-moerike-schule.de\/wp-content\/uploads\/2017\/11\/Feste4.jpg\"},{\"@type\":\"BreadcrumbList\",\"@id\":\"https:\/\/eduard-moerike-schule.de\/index.php\/feste\/#breadcrumb\",\"itemListElement\":[{\"@type\":\"ListItem\",\"position\":1,\"name\":\"Startseite\",\"item\":\"https:\/\/eduard-moerike-schule.de\/\"},{\"@type\":\"ListItem\",\"position\":2,\"name\":\"Feste\"}]},{\"@type\":\"WebSite\",\"@id\":\"https:\/\/eduard-moerike-schule.de\/#website\",\"url\":\"https:\/\/eduard-moerike-schule.de\/\",\"name\":\"Eduard-M\u00f6rike-Grundschule Blaustein\",\"description\":\"Bunt &amp; Stark\",\"publisher\":{\"@id\":\"https:\/\/eduard-moerike-schule.de\/#organization\"},\"potentialAction\":[{\"@type\":\"SearchAction\",\"target\":{\"@type\":\"EntryPoint\",\"urlTemplate\":\"https:\/\/eduard-moerike-schule.de\/?s={search_term_string}\"},\"query-input\":{\"@type\":\"PropertyValueSpecification\",\"valueRequired\":true,\"valueName\":\"search_term_string\"}}],\"inLanguage\":\"de\"},{\"@type\":\"Organization\",\"@id\":\"https:\/\/eduard-moerike-schule.de\/#organization\",\"name\":\"Eduard-M\u00f6rike-Schule Blaustein\",\"url\":\"https:\/\/eduard-moerike-schule.de\/\",\"logo\":{\"@type\":\"ImageObject\",\"inLanguage\":\"de\",\"@id\":\"https:\/\/eduard-moerike-schule.de\/#\/schema\/logo\/image\/\",\"url\":\"https:\/\/eduard-moerike-schule.de\/wp-content\/uploads\/2017\/11\/logo_1000.jpg\",\"contentUrl\":\"https:\/\/eduard-moerike-schule.de\/wp-content\/uploads\/2017\/11\/logo_1000.jpg\",\"width\":1000,\"height\":356,\"caption\":\"Eduard-M\u00f6rike-Schule Blaustein\"},\"image\":{\"@id\":\"https:\/\/eduard-moerike-schule.de\/#\/schema\/logo\/image\/\"}}]}<\/script>\n<!-- \/ Yoast SEO plugin. -->","yoast_head_json":{"title":"Feste - Eduard-M\u00f6rike-Grundschule Blaustein","robots":{"index":"index","follow":"follow","max-snippet":"max-snippet:-1","max-image-preview":"max-image-preview:large","max-video-preview":"max-video-preview:-1"},"canonical":"https:\/\/eduard-moerike-schule.de\/index.php\/feste\/","og_locale":"de_DE","og_type":"article","og_title":"Feste - Eduard-M\u00f6rike-Grundschule Blaustein","og_description":"\u201eMan muss immer etwas haben, worauf man sich freuen kann.\u201d(Eduard M\u00f6rike) Wir feiern gern Regelm\u00e4\u00dfig stattfindende Feste an unserer Schule sind: Einschulung Laternenfest Adventsbesinnung mit Sch\u00fclern im Jahreswechsel mit der Advents-Werkstatt Fasching alle zwei Jahre ein Sommerfest im Wechsel mit der Vernissage als Abschluss der Projekttage Sportfest Abschied unserer Viertkl\u00e4ssler Bunte Stunde","og_url":"https:\/\/eduard-moerike-schule.de\/index.php\/feste\/","og_site_name":"Eduard-M\u00f6rike-Grundschule Blaustein","article_modified_time":"2022-01-27T20:33:41+00:00","og_image":[{"url":"http:\/\/eduard-moerike-schule.de\/wp-content\/uploads\/2017\/11\/Feste4.jpg","type":"","width":"","height":""}],"twitter_card":"summary_large_image","schema":{"@context":"https:\/\/schema.org","@graph":[{"@type":"WebPage","@id":"https:\/\/eduard-moerike-schule.de\/index.php\/feste\/","url":"https:\/\/eduard-moerike-schule.de\/index.php\/feste\/","name":"Feste - Eduard-M\u00f6rike-Grundschule Blaustein","isPartOf":{"@id":"https:\/\/eduard-moerike-schule.de\/#website"},"primaryImageOfPage":{"@id":"https:\/\/eduard-moerike-schule.de\/index.php\/feste\/#primaryimage"},"image":{"@id":"https:\/\/eduard-moerike-schule.de\/index.php\/feste\/#primaryimage"},"thumbnailUrl":"http:\/\/eduard-moerike-schule.de\/wp-content\/uploads\/2017\/11\/Feste4.jpg","datePublished":"2017-11-17T13:58:57+00:00","dateModified":"2022-01-27T20:33:41+00:00","breadcrumb":{"@id":"https:\/\/eduard-moerike-schule.de\/index.php\/feste\/#breadcrumb"},"inLanguage":"de","potentialAction":[{"@type":"ReadAction","target":["https:\/\/eduard-moerike-schule.de\/index.php\/feste\/"]}]},{"@type":"ImageObject","inLanguage":"de","@id":"https:\/\/eduard-moerike-schule.de\/index.php\/feste\/#primaryimage","url":"http:\/\/eduard-moerike-schule.de\/wp-content\/uploads\/2017\/11\/Feste4.jpg","contentUrl":"http:\/\/eduard-moerike-schule.de\/wp-content\/uploads\/2017\/11\/Feste4.jpg"},{"@type":"BreadcrumbList","@id":"https:\/\/eduard-moerike-schule.de\/index.php\/feste\/#breadcrumb","itemListElement":[{"@type":"ListItem","position":1,"name":"Startseite","item":"https:\/\/eduard-moerike-schule.de\/"},{"@type":"ListItem","position":2,"name":"Feste"}]},{"@type":"WebSite","@id":"https:\/\/eduard-moerike-schule.de\/#website","url":"https:\/\/eduard-moerike-schule.de\/","name":"Eduard-M\u00f6rike-Grundschule Blaustein","description":"Bunt &amp; Stark","publisher":{"@id":"https:\/\/eduard-moerike-schule.de\/#organization"},"potentialAction":[{"@type":"SearchAction","target":{"@type":"EntryPoint","urlTemplate":"https:\/\/eduard-moerike-schule.de\/?s={search_term_string}"},"query-input":{"@type":"PropertyValueSpecification","valueRequired":true,"valueName":"search_term_string"}}],"inLanguage":"de"},{"@type":"Organization","@id":"https:\/\/eduard-moerike-schule.de\/#organization","name":"Eduard-M\u00f6rike-Schule Blaustein","url":"https:\/\/eduard-moerike-schule.de\/","logo":{"@type":"ImageObject","inLanguage":"de","@id":"https:\/\/eduard-moerike-schule.de\/#\/schema\/logo\/image\/","url":"https:\/\/eduard-moerike-schule.de\/wp-content\/uploads\/2017\/11\/logo_1000.jpg","contentUrl":"https:\/\/eduard-moerike-schule.de\/wp-content\/uploads\/2017\/11\/logo_1000.jpg","width":1000,"height":356,"caption":"Eduard-M\u00f6rike-Schule Blaustein"},"image":{"@id":"https:\/\/eduard-moerike-schule.de\/#\/schema\/logo\/image\/"}}]}},"_links":{"self":[{"href":"https:\/\/eduard-moerike-schule.de\/index.php\/wp-json\/wp\/v2\/pages\/278","targetHints":{"allow":["GET"]}}],"collection":[{"href":"https:\/\/eduard-moerike-schule.de\/index.php\/wp-json\/wp\/v2\/pages"}],"about":[{"href":"https:\/\/eduard-moerike-schule.de\/index.php\/wp-json\/wp\/v2\/types\/page"}],"author":[{"embeddable":true,"href":"https:\/\/eduard-moerike-schule.de\/index.php\/wp-json\/wp\/v2\/users\/1"}],"replies":[{"embeddable":true,"href":"https:\/\/eduard-moerike-schule.de\/index.php\/wp-json\/wp\/v2\/comments?post=278"}],"version-history":[{"count":4,"href":"https:\/\/eduard-moerike-schule.de\/index.php\/wp-json\/wp\/v2\/pages\/278\/revisions"}],"predecessor-version":[{"id":1871,"href":"https:\/\/eduard-moerike-schule.de\/index.php\/wp-json\/wp\/v2\/pages\/278\/revisions\/1871"}],"wp:attachment":[{"href":"https:\/\/eduard-moerike-schule.de\/index.php\/wp-json\/wp\/v2\/media?parent=278"}],"curies":[{"name":"wp","href":"https:\/\/api.w.org\/{rel}","templated":true}]}}