{"id":266,"date":"2017-11-16T20:59:47","date_gmt":"2017-11-16T19:59:47","guid":{"rendered":"http:\/\/eduard-moerike-schule.de\/?page_id=266"},"modified":"2022-01-27T21:29:23","modified_gmt":"2022-01-27T20:29:23","slug":"regeln","status":"publish","type":"page","link":"https:\/\/eduard-moerike-schule.de\/index.php\/regeln\/","title":{"rendered":"Regeln"},"content":{"rendered":"\n<h2 class=\"wp-block-heading\">Unsere Schulordnung<\/h2>\n\n\n\n<p>Die Schulordnung regelt das Miteinander aller Sch\u00fcler und Lehrer. Damit unsere Schule gut funktioniert, ist das genaue Einhalten der Schulordnung wichtig.<\/p>\n\n\n\n<p>Wir wollen uns alle an unserer Schule wohlf\u00fchlen.<\/p>\n\n\n\n<hr class=\"wp-block-separator has-text-color has-background has-black-background-color has-black-color is-style-wide\"\/>\n\n\n\n<div class=\"wp-block-columns is-layout-flex wp-container-core-columns-is-layout-9d6595d7 wp-block-columns-is-layout-flex\">\n<div class=\"wp-block-column is-layout-flow wp-block-column-is-layout-flow\">\n<h4 class=\"wp-block-heading\">Regel 1: Ich achte auf mich<\/h4>\n\n\n\n<ul class=\"wp-block-list\"><li>Ich bin h\u00f6flich, sage bitte und danke, ich gr\u00fc\u00dfe und versuche f\u00fcr andere ein Vorbild zu sein.<\/li><li>Ich l\u00f6se Probleme mit K\u00f6pfchen.<\/li><li>Ich achte auf meine Gesundheit.<\/li><\/ul>\n<\/div>\n\n\n\n<div class=\"wp-block-column is-layout-flow wp-block-column-is-layout-flow\">\n<h4 class=\"wp-block-heading\">Regel 2: Ich achte auf die anderen.<\/h4>\n\n\n\n<ul class=\"wp-block-list\"><li>Ich bin r\u00fccksichtsvoll, respektiere andere und helfe ihnen.<\/li><li>Ich verletze niemanden mit Worten und Taten.<\/li><li>Ich achte das Eigentum der anderen.<\/li><li>Ich vermeide Unf\u00e4lle.<\/li><li>Ich gehe langsam und leise durch das Schulgeb\u00e4ude.<\/li><li>Alles was st\u00f6rt, lasse ich zu Hause; Handys bleiben ausgeschaltet im Schulranzen.<\/li><\/ul>\n<\/div>\n\n\n\n<div class=\"wp-block-column is-layout-flow wp-block-column-is-layout-flow\">\n<h4 class=\"wp-block-heading\">Regel 3: Ich achte auf meine Umwelt.<\/h4>\n\n\n\n<ul class=\"wp-block-list\"><li>Ich gehe sorgf\u00e4ltig mit Arbeitsmaterialien, Spielen und B\u00fcchern um.<\/li><li>Ich werfe meinen M\u00fcll in die bereitgestellten Beh\u00e4lter.<\/li><li>Ich achte auf Ordnung an meiner Garderobe und trage Hausschuhe.<\/li><li>Ich achte in den Toiletten auf Sauberkeit.<\/li><li>Ich achte Pflanzen und Tiere und sch\u00fctze die Natur.<\/li><\/ul>\n<\/div>\n<\/div>\n\n\n\n<hr class=\"wp-block-separator has-text-color has-background has-black-background-color has-black-color is-style-wide\"\/>\n\n\n\n<div class=\"wp-block-columns is-layout-flex wp-container-core-columns-is-layout-9d6595d7 wp-block-columns-is-layout-flex\">\n<div class=\"wp-block-column is-layout-flow wp-block-column-is-layout-flow\" style=\"flex-basis:33.33%\">\n<p><strong>Wenn ich einen Streit nicht ohne Hilfe l\u00f6sen kann, bitte ich meine Lehrerin um Mithilfe.<\/strong><\/p>\n<\/div>\n\n\n\n<div class=\"wp-block-column is-layout-flow wp-block-column-is-layout-flow\" style=\"flex-basis:66.66%\">\n<p>Die Lehrerin spricht mit den Kindern \u00fcber das, was geschehen ist, und wir suchen gemeinsam einen Weg, das Problem zu l\u00f6sen.<\/p>\n<\/div>\n<\/div>\n\n\n\n<hr class=\"wp-block-separator has-text-color has-background has-black-background-color has-black-color is-style-wide\"\/>\n\n\n\n<div class=\"wp-block-columns is-layout-flex wp-container-core-columns-is-layout-9d6595d7 wp-block-columns-is-layout-flex\">\n<div class=\"wp-block-column is-layout-flow wp-block-column-is-layout-flow\" style=\"flex-basis:33.33%\">\n<p><strong>So kann ich meinen Fehler wieder gutmachen.<\/strong><\/p>\n<\/div>\n\n\n\n<div class=\"wp-block-column is-layout-flow wp-block-column-is-layout-flow\" style=\"flex-basis:66.66%\">\n<ul class=\"wp-block-list\"><li>Wenn ich zerst\u00f6rt habe, muss ich ersetzen!<\/li><li>Wenn ich beschmutzt habe, muss ich s\u00e4ubern!<\/li><li>Wenn ich gestohlen habe, muss ich zur\u00fcckgegeben!<\/li><li>Wenn verletzt habe, muss ich tr\u00f6sten und mich entschuldigen!<\/li><\/ul>\n<\/div>\n<\/div>\n\n\n\n<hr class=\"wp-block-separator has-text-color has-background has-black-background-color has-black-color is-style-wide\"\/>\n\n\n\n<div class=\"wp-block-columns is-layout-flex wp-container-core-columns-is-layout-9d6595d7 wp-block-columns-is-layout-flex\">\n<div class=\"wp-block-column is-layout-flow wp-block-column-is-layout-flow\" style=\"flex-basis:33.33%\">\n<p><strong>Wenn es mir nicht gelingt mein Verhalten zu bessern.<\/strong><\/p>\n<\/div>\n\n\n\n<div class=\"wp-block-column is-layout-flow wp-block-column-is-layout-flow\" style=\"flex-basis:66.66%\">\n<ul class=\"wp-block-list\"><li>Meine Lehrerin gibt mir eine zus\u00e4tzliche Aufgabe oder Arbeit (Entschuldigungsbrief schreiben, Aufgaben nacharbeiten, Schulordnung abschreiben,&#8230;)<\/li><li>Wenn ich in einer Unterrichtsstunde \u00f6fters und in besonderem Ma\u00dfe st\u00f6re, muss ich an einem anderen Ort arbeiten (in einer anderen Klasse, im Rektorat,&#8230;).<\/li><li>Wenn ich h\u00e4ufig gegen die Regeln unserer Schulordnung versto\u00dfe, m\u00fcssen meine Lehrerinnen oder meine Schulleiterin weiter Ma\u00dfnahmen, die das Schulgesetz vorsieht, ergreifen (Nachsitzen, Unterrichtsausschluss, &#8230;).<\/li><\/ul>\n<\/div>\n<\/div>\n\n\n\n<hr class=\"wp-block-separator has-text-color has-background has-black-background-color has-black-color is-style-wide\"\/>\n\n\n\n<p>Hier k\u00f6nnen Sie sich die vollst\u00e4ndige <a rel=\"noreferrer noopener\" href=\"https:\/\/eduard-moerike-schule.de\/wp-content\/uploads\/2017\/11\/schulordnung.pdf\" target=\"_blank\">Schulordnung<\/a> als pdf herunterladen.<\/p>\n","protected":false},"excerpt":{"rendered":"<p>Unsere Schulordnung Die Schulordnung regelt das Miteinander aller Sch\u00fcler und Lehrer. Damit unsere Schule gut funktioniert, ist das genaue Einhalten der Schulordnung wichtig. Wir wollen uns alle an unserer Schule wohlf\u00fchlen. Regel 1: Ich achte auf mich Ich bin h\u00f6flich, sage bitte und danke, ich gr\u00fc\u00dfe und versuche f\u00fcr andere ein Vorbild zu sein. Ich &hellip; <\/p>\n<p class=\"link-more\"><a href=\"https:\/\/eduard-moerike-schule.de\/index.php\/regeln\/\" class=\"more-link\"><span class=\"screen-reader-text\">\u201eRegeln\u201c <\/span>weiterlesen<\/a><\/p>\n","protected":false},"author":1,"featured_media":0,"parent":0,"menu_order":0,"comment_status":"closed","ping_status":"closed","template":"","meta":{"footnotes":""},"class_list":["post-266","page","type-page","status-publish","hentry"],"yoast_head":"<!-- This site is optimized with the Yoast SEO plugin v27.1.1 - https:\/\/yoast.com\/product\/yoast-seo-wordpress\/ -->\n<title>Regeln - Eduard-M\u00f6rike-Grundschule Blaustein<\/title>\n<meta name=\"robots\" content=\"index, follow, max-snippet:-1, max-image-preview:large, max-video-preview:-1\" \/>\n<link rel=\"canonical\" href=\"https:\/\/eduard-moerike-schule.de\/index.php\/regeln\/\" \/>\n<meta property=\"og:locale\" content=\"de_DE\" \/>\n<meta property=\"og:type\" content=\"article\" \/>\n<meta property=\"og:title\" content=\"Regeln - Eduard-M\u00f6rike-Grundschule Blaustein\" \/>\n<meta property=\"og:description\" content=\"Unsere Schulordnung Die Schulordnung regelt das Miteinander aller Sch\u00fcler und Lehrer. Damit unsere Schule gut funktioniert, ist das genaue Einhalten der Schulordnung wichtig. Wir wollen uns alle an unserer Schule wohlf\u00fchlen. Regel 1: Ich achte auf mich Ich bin h\u00f6flich, sage bitte und danke, ich gr\u00fc\u00dfe und versuche f\u00fcr andere ein Vorbild zu sein. Ich &hellip; \u201eRegeln\u201c weiterlesen\" \/>\n<meta property=\"og:url\" content=\"https:\/\/eduard-moerike-schule.de\/index.php\/regeln\/\" \/>\n<meta property=\"og:site_name\" content=\"Eduard-M\u00f6rike-Grundschule Blaustein\" \/>\n<meta property=\"article:modified_time\" content=\"2022-01-27T20:29:23+00:00\" \/>\n<meta name=\"twitter:card\" content=\"summary_large_image\" \/>\n<meta name=\"twitter:label1\" content=\"Gesch\u00e4tzte Lesezeit\" \/>\n\t<meta name=\"twitter:data1\" content=\"2\u00a0Minuten\" \/>\n<script type=\"application\/ld+json\" class=\"yoast-schema-graph\">{\"@context\":\"https:\/\/schema.org\",\"@graph\":[{\"@type\":\"WebPage\",\"@id\":\"https:\/\/eduard-moerike-schule.de\/index.php\/regeln\/\",\"url\":\"https:\/\/eduard-moerike-schule.de\/index.php\/regeln\/\",\"name\":\"Regeln - Eduard-M\u00f6rike-Grundschule Blaustein\",\"isPartOf\":{\"@id\":\"https:\/\/eduard-moerike-schule.de\/#website\"},\"datePublished\":\"2017-11-16T19:59:47+00:00\",\"dateModified\":\"2022-01-27T20:29:23+00:00\",\"breadcrumb\":{\"@id\":\"https:\/\/eduard-moerike-schule.de\/index.php\/regeln\/#breadcrumb\"},\"inLanguage\":\"de\",\"potentialAction\":[{\"@type\":\"ReadAction\",\"target\":[\"https:\/\/eduard-moerike-schule.de\/index.php\/regeln\/\"]}]},{\"@type\":\"BreadcrumbList\",\"@id\":\"https:\/\/eduard-moerike-schule.de\/index.php\/regeln\/#breadcrumb\",\"itemListElement\":[{\"@type\":\"ListItem\",\"position\":1,\"name\":\"Startseite\",\"item\":\"https:\/\/eduard-moerike-schule.de\/\"},{\"@type\":\"ListItem\",\"position\":2,\"name\":\"Regeln\"}]},{\"@type\":\"WebSite\",\"@id\":\"https:\/\/eduard-moerike-schule.de\/#website\",\"url\":\"https:\/\/eduard-moerike-schule.de\/\",\"name\":\"Eduard-M\u00f6rike-Grundschule Blaustein\",\"description\":\"Bunt &amp; Stark\",\"publisher\":{\"@id\":\"https:\/\/eduard-moerike-schule.de\/#organization\"},\"potentialAction\":[{\"@type\":\"SearchAction\",\"target\":{\"@type\":\"EntryPoint\",\"urlTemplate\":\"https:\/\/eduard-moerike-schule.de\/?s={search_term_string}\"},\"query-input\":{\"@type\":\"PropertyValueSpecification\",\"valueRequired\":true,\"valueName\":\"search_term_string\"}}],\"inLanguage\":\"de\"},{\"@type\":\"Organization\",\"@id\":\"https:\/\/eduard-moerike-schule.de\/#organization\",\"name\":\"Eduard-M\u00f6rike-Schule Blaustein\",\"url\":\"https:\/\/eduard-moerike-schule.de\/\",\"logo\":{\"@type\":\"ImageObject\",\"inLanguage\":\"de\",\"@id\":\"https:\/\/eduard-moerike-schule.de\/#\/schema\/logo\/image\/\",\"url\":\"https:\/\/eduard-moerike-schule.de\/wp-content\/uploads\/2017\/11\/logo_1000.jpg\",\"contentUrl\":\"https:\/\/eduard-moerike-schule.de\/wp-content\/uploads\/2017\/11\/logo_1000.jpg\",\"width\":1000,\"height\":356,\"caption\":\"Eduard-M\u00f6rike-Schule Blaustein\"},\"image\":{\"@id\":\"https:\/\/eduard-moerike-schule.de\/#\/schema\/logo\/image\/\"}}]}<\/script>\n<!-- \/ Yoast SEO plugin. -->","yoast_head_json":{"title":"Regeln - Eduard-M\u00f6rike-Grundschule Blaustein","robots":{"index":"index","follow":"follow","max-snippet":"max-snippet:-1","max-image-preview":"max-image-preview:large","max-video-preview":"max-video-preview:-1"},"canonical":"https:\/\/eduard-moerike-schule.de\/index.php\/regeln\/","og_locale":"de_DE","og_type":"article","og_title":"Regeln - Eduard-M\u00f6rike-Grundschule Blaustein","og_description":"Unsere Schulordnung Die Schulordnung regelt das Miteinander aller Sch\u00fcler und Lehrer. Damit unsere Schule gut funktioniert, ist das genaue Einhalten der Schulordnung wichtig. Wir wollen uns alle an unserer Schule wohlf\u00fchlen. Regel 1: Ich achte auf mich Ich bin h\u00f6flich, sage bitte und danke, ich gr\u00fc\u00dfe und versuche f\u00fcr andere ein Vorbild zu sein. Ich &hellip; \u201eRegeln\u201c weiterlesen","og_url":"https:\/\/eduard-moerike-schule.de\/index.php\/regeln\/","og_site_name":"Eduard-M\u00f6rike-Grundschule Blaustein","article_modified_time":"2022-01-27T20:29:23+00:00","twitter_card":"summary_large_image","twitter_misc":{"Gesch\u00e4tzte Lesezeit":"2\u00a0Minuten"},"schema":{"@context":"https:\/\/schema.org","@graph":[{"@type":"WebPage","@id":"https:\/\/eduard-moerike-schule.de\/index.php\/regeln\/","url":"https:\/\/eduard-moerike-schule.de\/index.php\/regeln\/","name":"Regeln - Eduard-M\u00f6rike-Grundschule Blaustein","isPartOf":{"@id":"https:\/\/eduard-moerike-schule.de\/#website"},"datePublished":"2017-11-16T19:59:47+00:00","dateModified":"2022-01-27T20:29:23+00:00","breadcrumb":{"@id":"https:\/\/eduard-moerike-schule.de\/index.php\/regeln\/#breadcrumb"},"inLanguage":"de","potentialAction":[{"@type":"ReadAction","target":["https:\/\/eduard-moerike-schule.de\/index.php\/regeln\/"]}]},{"@type":"BreadcrumbList","@id":"https:\/\/eduard-moerike-schule.de\/index.php\/regeln\/#breadcrumb","itemListElement":[{"@type":"ListItem","position":1,"name":"Startseite","item":"https:\/\/eduard-moerike-schule.de\/"},{"@type":"ListItem","position":2,"name":"Regeln"}]},{"@type":"WebSite","@id":"https:\/\/eduard-moerike-schule.de\/#website","url":"https:\/\/eduard-moerike-schule.de\/","name":"Eduard-M\u00f6rike-Grundschule Blaustein","description":"Bunt &amp; Stark","publisher":{"@id":"https:\/\/eduard-moerike-schule.de\/#organization"},"potentialAction":[{"@type":"SearchAction","target":{"@type":"EntryPoint","urlTemplate":"https:\/\/eduard-moerike-schule.de\/?s={search_term_string}"},"query-input":{"@type":"PropertyValueSpecification","valueRequired":true,"valueName":"search_term_string"}}],"inLanguage":"de"},{"@type":"Organization","@id":"https:\/\/eduard-moerike-schule.de\/#organization","name":"Eduard-M\u00f6rike-Schule Blaustein","url":"https:\/\/eduard-moerike-schule.de\/","logo":{"@type":"ImageObject","inLanguage":"de","@id":"https:\/\/eduard-moerike-schule.de\/#\/schema\/logo\/image\/","url":"https:\/\/eduard-moerike-schule.de\/wp-content\/uploads\/2017\/11\/logo_1000.jpg","contentUrl":"https:\/\/eduard-moerike-schule.de\/wp-content\/uploads\/2017\/11\/logo_1000.jpg","width":1000,"height":356,"caption":"Eduard-M\u00f6rike-Schule Blaustein"},"image":{"@id":"https:\/\/eduard-moerike-schule.de\/#\/schema\/logo\/image\/"}}]}},"_links":{"self":[{"href":"https:\/\/eduard-moerike-schule.de\/index.php\/wp-json\/wp\/v2\/pages\/266","targetHints":{"allow":["GET"]}}],"collection":[{"href":"https:\/\/eduard-moerike-schule.de\/index.php\/wp-json\/wp\/v2\/pages"}],"about":[{"href":"https:\/\/eduard-moerike-schule.de\/index.php\/wp-json\/wp\/v2\/types\/page"}],"author":[{"embeddable":true,"href":"https:\/\/eduard-moerike-schule.de\/index.php\/wp-json\/wp\/v2\/users\/1"}],"replies":[{"embeddable":true,"href":"https:\/\/eduard-moerike-schule.de\/index.php\/wp-json\/wp\/v2\/comments?post=266"}],"version-history":[{"count":5,"href":"https:\/\/eduard-moerike-schule.de\/index.php\/wp-json\/wp\/v2\/pages\/266\/revisions"}],"predecessor-version":[{"id":1868,"href":"https:\/\/eduard-moerike-schule.de\/index.php\/wp-json\/wp\/v2\/pages\/266\/revisions\/1868"}],"wp:attachment":[{"href":"https:\/\/eduard-moerike-schule.de\/index.php\/wp-json\/wp\/v2\/media?parent=266"}],"curies":[{"name":"wp","href":"https:\/\/api.w.org\/{rel}","templated":true}]}}