{"id":250,"date":"2017-11-16T20:41:28","date_gmt":"2017-11-16T19:41:28","guid":{"rendered":"http:\/\/eduard-moerike-schule.de\/?page_id=250"},"modified":"2023-10-12T20:25:26","modified_gmt":"2023-10-12T18:25:26","slug":"lesen","status":"publish","type":"page","link":"https:\/\/eduard-moerike-schule.de\/index.php\/lesen\/","title":{"rendered":"Lesen"},"content":{"rendered":"\n<h2 class=\"wp-block-heading\">Bildung durch Schrift und Sprache (BiSS)<\/h2>\n\n\n\n<figure class=\"wp-block-image size-full\"><img loading=\"lazy\" decoding=\"async\" width=\"944\" height=\"378\" src=\"https:\/\/eduard-moerike-schule.de\/wp-content\/uploads\/2023\/10\/Biss.jpg\" alt=\"\" class=\"wp-image-2566\" srcset=\"https:\/\/eduard-moerike-schule.de\/wp-content\/uploads\/2023\/10\/Biss.jpg 944w, https:\/\/eduard-moerike-schule.de\/wp-content\/uploads\/2023\/10\/Biss-300x120.jpg 300w, https:\/\/eduard-moerike-schule.de\/wp-content\/uploads\/2023\/10\/Biss-768x308.jpg 768w, https:\/\/eduard-moerike-schule.de\/wp-content\/uploads\/2023\/10\/Biss-24x10.jpg 24w, https:\/\/eduard-moerike-schule.de\/wp-content\/uploads\/2023\/10\/Biss-36x14.jpg 36w, https:\/\/eduard-moerike-schule.de\/wp-content\/uploads\/2023\/10\/Biss-48x19.jpg 48w\" sizes=\"auto, (max-width: 706px) 89vw, (max-width: 767px) 82vw, 740px\" \/><\/figure>\n\n\n\n<p><strong>Transfer von Sprachbildung, Lese- und&nbsp;Schreibf\u00f6rderung (BiSS-Transfer)<\/strong><\/p>\n\n\n\n<p>BiSS-Transfer ist eine gemeinsame Initiative des&nbsp;Bundesministeriums f\u00fcr Bildung und Forschung&nbsp;(BMBF) und der Kultusministerkonferenz (KMK) zum&nbsp;Transfer von Sprachbildung, Lese- und&nbsp;Schreibf\u00f6rderung in Schulen und Kitas (<a href=\"http:\/\/www.biss-sprachbildung.de\/\">www.biss-sprachbildung.de<\/a>).&nbsp;<\/p>\n\n\n\n<p>Ziel in Baden-W\u00fcrttemberg ist die&nbsp;<strong>St\u00e4rkung der Basiskompetenzen&nbsp;<\/strong>der Sch\u00fclerinnen und Sch\u00fcler im Bereich des Lesens. Im Mittelpunkt steht die&nbsp;<strong>F\u00f6rderung der Lesefertigkeiten&nbsp;<\/strong>(Lesetechnik, Lesefl\u00fcssigkeit) sowie der&nbsp;<strong>Lesef\u00e4higkeiten<\/strong>&nbsp;(Leseverstehen, Lesestrategien). Auf der Basis eines&nbsp;<strong>einheitlichen und systematischen Lesecurriculums<\/strong>&nbsp;setzen die BiSS-Grundschulen Schritt f\u00fcr Schritt nachweislich lernf\u00f6rderliche Elemente im Leseunterricht um, wie z.B. das Training der Lesefl\u00fcssigkeit mithilfe von Lautlesetandems und den Einsatz ausgew\u00e4hlter Lesestrategien. Damit die Umsetzung in allen Klassenstufen gut funktioniert, hat jede BiSS-Grundschule eine eigene Projektgruppe eingerichtet, die sich regelm\u00e4\u00dfig trifft, um \u00fcber n\u00e4chste Schritte in der Umsetzung zu sprechen. Jede Schule hat zudem eine BiSS-Ansprechperson, die gemeinsam mit der Schulleitung das Kollegium an der Schule dabei unterst\u00fctzt, das BiSS-Lesef\u00f6rderkonzept umzusetzen. Unsere BiSS-Ansprechperson an der Schule hei\u00dft&nbsp;Tanja Flach Fitzel.<\/p>\n\n\n\n<p>In Baden-W\u00fcrttemberg nehmen mit Start des Schuljahres 2023\/2024 insgesamt 2030 Grundschulen teil, die in 21 BiSS-Verb\u00fcnden organisiert sind. Die Verb\u00fcnde dienen der Vernetzung und dem Austausch. Hier k\u00f6nnen die Verb\u00fcnde eingesehen werden:\u00a0www.<a href=\"http:\/\/biss-sprachbildung.de\/biss-vor-ort\">biss-sprachbildung.de\/biss-vor-ort<\/a>.\u00a0<\/p>\n\n\n\n<div class=\"wp-block-columns is-layout-flex wp-container-core-columns-is-layout-9d6595d7 wp-block-columns-is-layout-flex\">\n<div class=\"wp-block-column is-layout-flow wp-block-column-is-layout-flow\" style=\"flex-basis:33.33%\">\n<h2 class=\"wp-block-heading\">Lesen lernen<\/h2>\n<\/div>\n\n\n\n<div class=\"wp-block-column is-layout-flow wp-block-column-is-layout-flow\" style=\"flex-basis:66.66%\"><\/div>\n<\/div>\n\n\n\n<div class=\"wp-block-columns is-layout-flex wp-container-core-columns-is-layout-9d6595d7 wp-block-columns-is-layout-flex\">\n<div class=\"wp-block-column is-layout-flow wp-block-column-is-layout-flow\" style=\"flex-basis:33.33%\">\n<figure class=\"wp-block-image size-full\"><img loading=\"lazy\" decoding=\"async\" width=\"240\" height=\"160\" src=\"https:\/\/eduard-moerike-schule.de\/wp-content\/uploads\/2017\/11\/buecher.jpg\" alt=\"B\u00fccher\" class=\"wp-image-363\"\/><\/figure>\n\n\n\n<figure class=\"wp-block-image size-full\"><img loading=\"lazy\" decoding=\"async\" width=\"240\" height=\"160\" src=\"https:\/\/eduard-moerike-schule.de\/wp-content\/uploads\/2017\/11\/buecherei.jpg\" alt=\"B\u00fccherei\" class=\"wp-image-364\"\/><\/figure>\n\n\n\n<p><em>\u201eJedes Mal, wenn man ein Buch \u00f6ffnet, lernt man etwas.\u201d (Chinesisches Sprichwort)<\/em><\/p>\n<\/div>\n\n\n\n<div class=\"wp-block-column is-layout-flow wp-block-column-is-layout-flow\" style=\"flex-basis:66.66%\">\n<blockquote class=\"wp-block-quote is-layout-flow wp-block-quote-is-layout-flow\">\n<p>\u201eVon seinen Eltern lernt man lieben, lachen, und laufen. Doch erst wenn man mit B\u00fcchern in Ber\u00fchrung kommt, entdeckt man, dass man Fl\u00fcgel hat.\u201d (Helen Hayes)<\/p>\n<\/blockquote>\n\n\n\n<p>Die Lesef\u00e4higkeit ist die wichtigste Kompetenz f\u00fcr selbstst\u00e4ndiges Lernen im Deutschunterricht und allen anderen F\u00e4chern. Lesen tr\u00e4gt wesentlich zur Pers\u00f6nlichkeitsentwicklung bei. Beim Lesen von Texten erschlie\u00dfen sich die Kinder andere Welten, erweitern ihren Erfahrungshorizont, entfalten Vorstellungen und entwickeln ein \u00e4sthetisches Bewusstsein.<\/p>\n\n\n\n<p>Der w\u00f6chentliche Besuch in unserer schuleigenen B\u00fccherei mit festen Lesezeiten, erm\u00f6glicht unseren Sch\u00fclern ganz nach eigenem Interesse in B\u00fcchern zu st\u00f6bern &#8211; unter Beachtung unserer <a href=\"https:\/\/eduard-moerike-schule.de\/wp-content\/uploads\/2017\/11\/buechereiregeln.pdf\" target=\"_blank\" rel=\"noreferrer noopener\">B\u00fcchereiregeln<\/a>. Alle Klassen beteiligen sich dar\u00fcber hinaus an dem Vorleseprojekt \u201eLesef\u00f6rderung durch Vorlesen\u201c der P\u00e4dagogischen Hochschule Weingarten, das t\u00e4glich feste Vorlesezeiten zwischen 10 und 15 Minuten vorsieht. Eine weitere Gelegenheit f\u00fcr die Kinder, ihre Leseerfahrung zu erweitern und Einblicke in die aktuelle und klassische Kinderliteratur zu erhalten.<\/p>\n\n\n\n<p>Durch die Teilnahme am \u201eAntolin-Programm\u201c, einem Online-Portal zur Lesef\u00f6rderung, das zu beinahe jedem Kinder- und Jugendbuch Quizfragen bietet, die online beantwortet werden, versuchen wir die Kinder in ihrer Entwicklung der eigenen Leseidentit\u00e4t zu unterst\u00fctzen. Projekte wie \u201eWir lesen Junior\u201c, Lesepatenschaften, die regelm\u00e4\u00dfige Teilnahme an Autorenlesungen in der B\u00fccherei Blaustein und der j\u00e4hrliche Besuch der M\u00e4rchenerz\u00e4hlerin sollen ebenfalls dazu beitragen, unsere Sch\u00fclerinnen und Sch\u00fcler zum Lesen zu motivieren.<\/p>\n<\/div>\n<\/div>\n","protected":false},"excerpt":{"rendered":"<p>Bildung durch Schrift und Sprache (BiSS) Transfer von Sprachbildung, Lese- und&nbsp;Schreibf\u00f6rderung (BiSS-Transfer) BiSS-Transfer ist eine gemeinsame Initiative des&nbsp;Bundesministeriums f\u00fcr Bildung und Forschung&nbsp;(BMBF) und der Kultusministerkonferenz (KMK) zum&nbsp;Transfer von Sprachbildung, Lese- und&nbsp;Schreibf\u00f6rderung in Schulen und Kitas (www.biss-sprachbildung.de).&nbsp; Ziel in Baden-W\u00fcrttemberg ist die&nbsp;St\u00e4rkung der Basiskompetenzen&nbsp;der Sch\u00fclerinnen und Sch\u00fcler im Bereich des Lesens. Im Mittelpunkt steht die&nbsp;F\u00f6rderung der &hellip; <\/p>\n<p class=\"link-more\"><a href=\"https:\/\/eduard-moerike-schule.de\/index.php\/lesen\/\" class=\"more-link\"><span class=\"screen-reader-text\">\u201eLesen\u201c <\/span>weiterlesen<\/a><\/p>\n","protected":false},"author":1,"featured_media":0,"parent":0,"menu_order":0,"comment_status":"closed","ping_status":"closed","template":"","meta":{"footnotes":""},"class_list":["post-250","page","type-page","status-publish","hentry"],"yoast_head":"<!-- This site is optimized with the Yoast SEO plugin v27.1.1 - https:\/\/yoast.com\/product\/yoast-seo-wordpress\/ -->\n<title>Lesen - Eduard-M\u00f6rike-Grundschule Blaustein<\/title>\n<meta name=\"robots\" content=\"index, follow, max-snippet:-1, max-image-preview:large, max-video-preview:-1\" \/>\n<link rel=\"canonical\" href=\"https:\/\/eduard-moerike-schule.de\/index.php\/lesen\/\" \/>\n<meta property=\"og:locale\" content=\"de_DE\" \/>\n<meta property=\"og:type\" content=\"article\" \/>\n<meta property=\"og:title\" content=\"Lesen - Eduard-M\u00f6rike-Grundschule Blaustein\" \/>\n<meta property=\"og:description\" content=\"Bildung durch Schrift und Sprache (BiSS) Transfer von Sprachbildung, Lese- und&nbsp;Schreibf\u00f6rderung (BiSS-Transfer) BiSS-Transfer ist eine gemeinsame Initiative des&nbsp;Bundesministeriums f\u00fcr Bildung und Forschung&nbsp;(BMBF) und der Kultusministerkonferenz (KMK) zum&nbsp;Transfer von Sprachbildung, Lese- und&nbsp;Schreibf\u00f6rderung in Schulen und Kitas (www.biss-sprachbildung.de).&nbsp; Ziel in Baden-W\u00fcrttemberg ist die&nbsp;St\u00e4rkung der Basiskompetenzen&nbsp;der Sch\u00fclerinnen und Sch\u00fcler im Bereich des Lesens. Im Mittelpunkt steht die&nbsp;F\u00f6rderung der &hellip; \u201eLesen\u201c weiterlesen\" \/>\n<meta property=\"og:url\" content=\"https:\/\/eduard-moerike-schule.de\/index.php\/lesen\/\" \/>\n<meta property=\"og:site_name\" content=\"Eduard-M\u00f6rike-Grundschule Blaustein\" \/>\n<meta property=\"article:modified_time\" content=\"2023-10-12T18:25:26+00:00\" \/>\n<meta property=\"og:image\" content=\"https:\/\/eduard-moerike-schule.de\/wp-content\/uploads\/2023\/10\/Biss.jpg\" \/>\n<meta name=\"twitter:card\" content=\"summary_large_image\" \/>\n<meta name=\"twitter:label1\" content=\"Gesch\u00e4tzte Lesezeit\" \/>\n\t<meta name=\"twitter:data1\" content=\"3\u00a0Minuten\" \/>\n<script type=\"application\/ld+json\" class=\"yoast-schema-graph\">{\"@context\":\"https:\/\/schema.org\",\"@graph\":[{\"@type\":\"WebPage\",\"@id\":\"https:\/\/eduard-moerike-schule.de\/index.php\/lesen\/\",\"url\":\"https:\/\/eduard-moerike-schule.de\/index.php\/lesen\/\",\"name\":\"Lesen - Eduard-M\u00f6rike-Grundschule Blaustein\",\"isPartOf\":{\"@id\":\"https:\/\/eduard-moerike-schule.de\/#website\"},\"primaryImageOfPage\":{\"@id\":\"https:\/\/eduard-moerike-schule.de\/index.php\/lesen\/#primaryimage\"},\"image\":{\"@id\":\"https:\/\/eduard-moerike-schule.de\/index.php\/lesen\/#primaryimage\"},\"thumbnailUrl\":\"https:\/\/eduard-moerike-schule.de\/wp-content\/uploads\/2023\/10\/Biss.jpg\",\"datePublished\":\"2017-11-16T19:41:28+00:00\",\"dateModified\":\"2023-10-12T18:25:26+00:00\",\"breadcrumb\":{\"@id\":\"https:\/\/eduard-moerike-schule.de\/index.php\/lesen\/#breadcrumb\"},\"inLanguage\":\"de\",\"potentialAction\":[{\"@type\":\"ReadAction\",\"target\":[\"https:\/\/eduard-moerike-schule.de\/index.php\/lesen\/\"]}]},{\"@type\":\"ImageObject\",\"inLanguage\":\"de\",\"@id\":\"https:\/\/eduard-moerike-schule.de\/index.php\/lesen\/#primaryimage\",\"url\":\"https:\/\/eduard-moerike-schule.de\/wp-content\/uploads\/2023\/10\/Biss.jpg\",\"contentUrl\":\"https:\/\/eduard-moerike-schule.de\/wp-content\/uploads\/2023\/10\/Biss.jpg\",\"width\":944,\"height\":378},{\"@type\":\"BreadcrumbList\",\"@id\":\"https:\/\/eduard-moerike-schule.de\/index.php\/lesen\/#breadcrumb\",\"itemListElement\":[{\"@type\":\"ListItem\",\"position\":1,\"name\":\"Startseite\",\"item\":\"https:\/\/eduard-moerike-schule.de\/\"},{\"@type\":\"ListItem\",\"position\":2,\"name\":\"Lesen\"}]},{\"@type\":\"WebSite\",\"@id\":\"https:\/\/eduard-moerike-schule.de\/#website\",\"url\":\"https:\/\/eduard-moerike-schule.de\/\",\"name\":\"Eduard-M\u00f6rike-Grundschule Blaustein\",\"description\":\"Bunt &amp; Stark\",\"publisher\":{\"@id\":\"https:\/\/eduard-moerike-schule.de\/#organization\"},\"potentialAction\":[{\"@type\":\"SearchAction\",\"target\":{\"@type\":\"EntryPoint\",\"urlTemplate\":\"https:\/\/eduard-moerike-schule.de\/?s={search_term_string}\"},\"query-input\":{\"@type\":\"PropertyValueSpecification\",\"valueRequired\":true,\"valueName\":\"search_term_string\"}}],\"inLanguage\":\"de\"},{\"@type\":\"Organization\",\"@id\":\"https:\/\/eduard-moerike-schule.de\/#organization\",\"name\":\"Eduard-M\u00f6rike-Schule Blaustein\",\"url\":\"https:\/\/eduard-moerike-schule.de\/\",\"logo\":{\"@type\":\"ImageObject\",\"inLanguage\":\"de\",\"@id\":\"https:\/\/eduard-moerike-schule.de\/#\/schema\/logo\/image\/\",\"url\":\"https:\/\/eduard-moerike-schule.de\/wp-content\/uploads\/2017\/11\/logo_1000.jpg\",\"contentUrl\":\"https:\/\/eduard-moerike-schule.de\/wp-content\/uploads\/2017\/11\/logo_1000.jpg\",\"width\":1000,\"height\":356,\"caption\":\"Eduard-M\u00f6rike-Schule Blaustein\"},\"image\":{\"@id\":\"https:\/\/eduard-moerike-schule.de\/#\/schema\/logo\/image\/\"}}]}<\/script>\n<!-- \/ Yoast SEO plugin. -->","yoast_head_json":{"title":"Lesen - Eduard-M\u00f6rike-Grundschule Blaustein","robots":{"index":"index","follow":"follow","max-snippet":"max-snippet:-1","max-image-preview":"max-image-preview:large","max-video-preview":"max-video-preview:-1"},"canonical":"https:\/\/eduard-moerike-schule.de\/index.php\/lesen\/","og_locale":"de_DE","og_type":"article","og_title":"Lesen - Eduard-M\u00f6rike-Grundschule Blaustein","og_description":"Bildung durch Schrift und Sprache (BiSS) Transfer von Sprachbildung, Lese- und&nbsp;Schreibf\u00f6rderung (BiSS-Transfer) BiSS-Transfer ist eine gemeinsame Initiative des&nbsp;Bundesministeriums f\u00fcr Bildung und Forschung&nbsp;(BMBF) und der Kultusministerkonferenz (KMK) zum&nbsp;Transfer von Sprachbildung, Lese- und&nbsp;Schreibf\u00f6rderung in Schulen und Kitas (www.biss-sprachbildung.de).&nbsp; Ziel in Baden-W\u00fcrttemberg ist die&nbsp;St\u00e4rkung der Basiskompetenzen&nbsp;der Sch\u00fclerinnen und Sch\u00fcler im Bereich des Lesens. Im Mittelpunkt steht die&nbsp;F\u00f6rderung der &hellip; \u201eLesen\u201c weiterlesen","og_url":"https:\/\/eduard-moerike-schule.de\/index.php\/lesen\/","og_site_name":"Eduard-M\u00f6rike-Grundschule Blaustein","article_modified_time":"2023-10-12T18:25:26+00:00","og_image":[{"url":"https:\/\/eduard-moerike-schule.de\/wp-content\/uploads\/2023\/10\/Biss.jpg","type":"","width":"","height":""}],"twitter_card":"summary_large_image","twitter_misc":{"Gesch\u00e4tzte Lesezeit":"3\u00a0Minuten"},"schema":{"@context":"https:\/\/schema.org","@graph":[{"@type":"WebPage","@id":"https:\/\/eduard-moerike-schule.de\/index.php\/lesen\/","url":"https:\/\/eduard-moerike-schule.de\/index.php\/lesen\/","name":"Lesen - Eduard-M\u00f6rike-Grundschule Blaustein","isPartOf":{"@id":"https:\/\/eduard-moerike-schule.de\/#website"},"primaryImageOfPage":{"@id":"https:\/\/eduard-moerike-schule.de\/index.php\/lesen\/#primaryimage"},"image":{"@id":"https:\/\/eduard-moerike-schule.de\/index.php\/lesen\/#primaryimage"},"thumbnailUrl":"https:\/\/eduard-moerike-schule.de\/wp-content\/uploads\/2023\/10\/Biss.jpg","datePublished":"2017-11-16T19:41:28+00:00","dateModified":"2023-10-12T18:25:26+00:00","breadcrumb":{"@id":"https:\/\/eduard-moerike-schule.de\/index.php\/lesen\/#breadcrumb"},"inLanguage":"de","potentialAction":[{"@type":"ReadAction","target":["https:\/\/eduard-moerike-schule.de\/index.php\/lesen\/"]}]},{"@type":"ImageObject","inLanguage":"de","@id":"https:\/\/eduard-moerike-schule.de\/index.php\/lesen\/#primaryimage","url":"https:\/\/eduard-moerike-schule.de\/wp-content\/uploads\/2023\/10\/Biss.jpg","contentUrl":"https:\/\/eduard-moerike-schule.de\/wp-content\/uploads\/2023\/10\/Biss.jpg","width":944,"height":378},{"@type":"BreadcrumbList","@id":"https:\/\/eduard-moerike-schule.de\/index.php\/lesen\/#breadcrumb","itemListElement":[{"@type":"ListItem","position":1,"name":"Startseite","item":"https:\/\/eduard-moerike-schule.de\/"},{"@type":"ListItem","position":2,"name":"Lesen"}]},{"@type":"WebSite","@id":"https:\/\/eduard-moerike-schule.de\/#website","url":"https:\/\/eduard-moerike-schule.de\/","name":"Eduard-M\u00f6rike-Grundschule Blaustein","description":"Bunt &amp; Stark","publisher":{"@id":"https:\/\/eduard-moerike-schule.de\/#organization"},"potentialAction":[{"@type":"SearchAction","target":{"@type":"EntryPoint","urlTemplate":"https:\/\/eduard-moerike-schule.de\/?s={search_term_string}"},"query-input":{"@type":"PropertyValueSpecification","valueRequired":true,"valueName":"search_term_string"}}],"inLanguage":"de"},{"@type":"Organization","@id":"https:\/\/eduard-moerike-schule.de\/#organization","name":"Eduard-M\u00f6rike-Schule Blaustein","url":"https:\/\/eduard-moerike-schule.de\/","logo":{"@type":"ImageObject","inLanguage":"de","@id":"https:\/\/eduard-moerike-schule.de\/#\/schema\/logo\/image\/","url":"https:\/\/eduard-moerike-schule.de\/wp-content\/uploads\/2017\/11\/logo_1000.jpg","contentUrl":"https:\/\/eduard-moerike-schule.de\/wp-content\/uploads\/2017\/11\/logo_1000.jpg","width":1000,"height":356,"caption":"Eduard-M\u00f6rike-Schule Blaustein"},"image":{"@id":"https:\/\/eduard-moerike-schule.de\/#\/schema\/logo\/image\/"}}]}},"_links":{"self":[{"href":"https:\/\/eduard-moerike-schule.de\/index.php\/wp-json\/wp\/v2\/pages\/250","targetHints":{"allow":["GET"]}}],"collection":[{"href":"https:\/\/eduard-moerike-schule.de\/index.php\/wp-json\/wp\/v2\/pages"}],"about":[{"href":"https:\/\/eduard-moerike-schule.de\/index.php\/wp-json\/wp\/v2\/types\/page"}],"author":[{"embeddable":true,"href":"https:\/\/eduard-moerike-schule.de\/index.php\/wp-json\/wp\/v2\/users\/1"}],"replies":[{"embeddable":true,"href":"https:\/\/eduard-moerike-schule.de\/index.php\/wp-json\/wp\/v2\/comments?post=250"}],"version-history":[{"count":9,"href":"https:\/\/eduard-moerike-schule.de\/index.php\/wp-json\/wp\/v2\/pages\/250\/revisions"}],"predecessor-version":[{"id":2567,"href":"https:\/\/eduard-moerike-schule.de\/index.php\/wp-json\/wp\/v2\/pages\/250\/revisions\/2567"}],"wp:attachment":[{"href":"https:\/\/eduard-moerike-schule.de\/index.php\/wp-json\/wp\/v2\/media?parent=250"}],"curies":[{"name":"wp","href":"https:\/\/api.w.org\/{rel}","templated":true}]}}