{"id":248,"date":"2017-11-16T20:37:51","date_gmt":"2017-11-16T19:37:51","guid":{"rendered":"http:\/\/eduard-moerike-schule.de\/?page_id=248"},"modified":"2025-10-13T14:58:20","modified_gmt":"2025-10-13T12:58:20","slug":"atelier","status":"publish","type":"page","link":"https:\/\/eduard-moerike-schule.de\/index.php\/atelier\/","title":{"rendered":"Atelier"},"content":{"rendered":"\n<div class=\"wp-block-columns is-layout-flex wp-container-core-columns-is-layout-9d6595d7 wp-block-columns-is-layout-flex\">\n<div class=\"wp-block-column is-layout-flow wp-block-column-is-layout-flow\" style=\"flex-basis:33.33%\"><div class=\"wp-block-image\">\n<figure class=\"aligncenter size-full\"><img loading=\"lazy\" decoding=\"async\" width=\"200\" height=\"145\" src=\"https:\/\/eduard-moerike-schule.de\/wp-content\/uploads\/2020\/03\/Atelier-e1585321406582.jpg\" alt=\"\" class=\"wp-image-1106\"\/><\/figure>\n<\/div>\n\n<div class=\"wp-block-image\">\n<figure class=\"aligncenter size-full\"><img loading=\"lazy\" decoding=\"async\" width=\"611\" height=\"458\" src=\"https:\/\/eduard-moerike-schule.de\/wp-content\/uploads\/2021\/09\/Atelier-2.jpg\" alt=\"\" class=\"wp-image-1690\" srcset=\"https:\/\/eduard-moerike-schule.de\/wp-content\/uploads\/2021\/09\/Atelier-2.jpg 611w, https:\/\/eduard-moerike-schule.de\/wp-content\/uploads\/2021\/09\/Atelier-2-300x225.jpg 300w, https:\/\/eduard-moerike-schule.de\/wp-content\/uploads\/2021\/09\/Atelier-2-24x18.jpg 24w, https:\/\/eduard-moerike-schule.de\/wp-content\/uploads\/2021\/09\/Atelier-2-36x27.jpg 36w, https:\/\/eduard-moerike-schule.de\/wp-content\/uploads\/2021\/09\/Atelier-2-48x36.jpg 48w\" sizes=\"auto, (max-width: 611px) 100vw, 611px\" \/><\/figure>\n<\/div>\n\n<div class=\"wp-block-image\">\n<figure class=\"aligncenter size-large\"><img loading=\"lazy\" decoding=\"async\" width=\"1024\" height=\"770\" src=\"https:\/\/eduard-moerike-schule.de\/wp-content\/uploads\/2020\/04\/Atelier-1024x770.jpg\" alt=\"\" class=\"wp-image-1200\"\/><\/figure>\n<\/div><\/div>\n\n\n\n<div class=\"wp-block-column is-layout-flow wp-block-column-is-layout-flow\" style=\"flex-basis:66.66%\">\n<h2 class=\"wp-block-heading\">Wir arbeiten in Projekten<\/h2>\n\n\n\n<p>Atelierunterricht ist projektorientierter Unterricht zu ausgew\u00e4hlten Themen aus dem Fach Kunst\/Werken.<\/p>\n\n\n\n<ul class=\"wp-block-list\">\n<li>Das Ateliercurriculum wird als Projektunterricht jahrgangsgemischt am Mittag angeboten<\/li>\n\n\n\n<li>Ein Projekt dauert 12 Wochen (bis Weihnachten, bis Ostern, bis Sommer).<\/li>\n\n\n\n<li>Am Ende des Projektes findet immer eine Pr\u00e4sentation statt.<\/li>\n\n\n\n<li>Die Kinder w\u00e4hlen drei von f\u00fcnf Ateliers aus.<\/li>\n\n\n\n<li>In einem Portfolioordner werden ab Klasse 2 Teile der Ergebnisse und Leistungsr\u00fcckmeldungen in Form von Feedbackb\u00f6gen gesammelt.<\/li>\n\n\n\n<li>Die Ergebnisse werden mit der Klassenlehrerin in eine \u201eBewertungszielscheibe\u201c \u00fcbertragen, die jeden Sch\u00fcler w\u00e4hrend seiner gesamten Grundschulzeit begleitet.<\/li>\n\n\n\n<li>Die R\u00fcckmeldungen dienen auch als Gespr\u00e4chsgrundlage f\u00fcr j\u00e4hrliche Entwicklungsgespr\u00e4che.<\/li>\n<\/ul>\n<\/div>\n<\/div>\n\n\n\n<h2 class=\"wp-block-heading\">Unsere Ateliers 2025\/26<\/h2>\n\n\n\n<div class=\"wp-block-columns is-layout-flex wp-container-core-columns-is-layout-9d6595d7 wp-block-columns-is-layout-flex\">\n<div class=\"wp-block-column is-layout-flow wp-block-column-is-layout-flow\">\n<ul class=\"wp-block-list\">\n<li>Holzwerkstatt<\/li>\n\n\n\n<li>Fadenzauber<\/li>\n\n\n\n<li>Malen und Gestalten durch die Jahreszeiten<\/li>\n\n\n\n<li>Nadel und Faden \/ Weben<\/li>\n\n\n\n<li>Zirkuskunst<\/li>\n\n\n\n<li>Architektur<\/li>\n\n\n\n<li>T\u00f6pfern<\/li>\n\n\n\n<li>Ich &#8211; ganz gro\u00df<\/li>\n<\/ul>\n<\/div>\n<\/div>\n\n\n\n<div class=\"wp-block-columns is-layout-flex wp-container-core-columns-is-layout-9d6595d7 wp-block-columns-is-layout-flex\">\n<div class=\"wp-block-column is-layout-flow wp-block-column-is-layout-flow\">\n<div class=\"wp-block-columns is-layout-flex wp-container-core-columns-is-layout-9d6595d7 wp-block-columns-is-layout-flex\">\n<div class=\"wp-block-column is-layout-flow wp-block-column-is-layout-flow\">\n<figure class=\"wp-block-image size-large\"><img loading=\"lazy\" decoding=\"async\" width=\"1024\" height=\"822\" src=\"https:\/\/eduard-moerike-schule.de\/wp-content\/uploads\/2025\/10\/IMG_4220-Kopie-1024x822.jpg\" alt=\"\" class=\"wp-image-3129\" srcset=\"https:\/\/eduard-moerike-schule.de\/wp-content\/uploads\/2025\/10\/IMG_4220-Kopie-1024x822.jpg 1024w, https:\/\/eduard-moerike-schule.de\/wp-content\/uploads\/2025\/10\/IMG_4220-Kopie-300x241.jpg 300w, https:\/\/eduard-moerike-schule.de\/wp-content\/uploads\/2025\/10\/IMG_4220-Kopie-768x617.jpg 768w, https:\/\/eduard-moerike-schule.de\/wp-content\/uploads\/2025\/10\/IMG_4220-Kopie-1536x1234.jpg 1536w, https:\/\/eduard-moerike-schule.de\/wp-content\/uploads\/2025\/10\/IMG_4220-Kopie-2048x1645.jpg 2048w, https:\/\/eduard-moerike-schule.de\/wp-content\/uploads\/2025\/10\/IMG_4220-Kopie-24x19.jpg 24w, https:\/\/eduard-moerike-schule.de\/wp-content\/uploads\/2025\/10\/IMG_4220-Kopie-36x29.jpg 36w, https:\/\/eduard-moerike-schule.de\/wp-content\/uploads\/2025\/10\/IMG_4220-Kopie-48x39.jpg 48w\" sizes=\"auto, (max-width: 706px) 89vw, (max-width: 767px) 82vw, 740px\" \/><\/figure>\n<\/div>\n<\/div>\n<\/div>\n<\/div>\n","protected":false},"excerpt":{"rendered":"<p>Wir arbeiten in Projekten Atelierunterricht ist projektorientierter Unterricht zu ausgew\u00e4hlten Themen aus dem Fach Kunst\/Werken. Unsere Ateliers 2025\/26<\/p>\n","protected":false},"author":1,"featured_media":0,"parent":0,"menu_order":0,"comment_status":"closed","ping_status":"closed","template":"","meta":{"footnotes":""},"class_list":["post-248","page","type-page","status-publish","hentry"],"yoast_head":"<!-- This site is optimized with the Yoast SEO plugin v27.1.1 - https:\/\/yoast.com\/product\/yoast-seo-wordpress\/ -->\n<title>Atelier - Eduard-M\u00f6rike-Grundschule Blaustein<\/title>\n<meta name=\"robots\" content=\"index, follow, max-snippet:-1, max-image-preview:large, max-video-preview:-1\" \/>\n<link rel=\"canonical\" href=\"https:\/\/eduard-moerike-schule.de\/index.php\/atelier\/\" \/>\n<meta property=\"og:locale\" content=\"de_DE\" \/>\n<meta property=\"og:type\" content=\"article\" \/>\n<meta property=\"og:title\" content=\"Atelier - Eduard-M\u00f6rike-Grundschule Blaustein\" \/>\n<meta property=\"og:description\" content=\"Wir arbeiten in Projekten Atelierunterricht ist projektorientierter Unterricht zu ausgew\u00e4hlten Themen aus dem Fach Kunst\/Werken. Unsere Ateliers 2025\/26\" \/>\n<meta property=\"og:url\" content=\"https:\/\/eduard-moerike-schule.de\/index.php\/atelier\/\" \/>\n<meta property=\"og:site_name\" content=\"Eduard-M\u00f6rike-Grundschule Blaustein\" \/>\n<meta property=\"article:modified_time\" content=\"2025-10-13T12:58:20+00:00\" \/>\n<meta property=\"og:image\" content=\"http:\/\/eduard-moerike-schule.de\/wp-content\/uploads\/2020\/03\/Atelier-e1585321406582.jpg\" \/>\n<meta name=\"twitter:card\" content=\"summary_large_image\" \/>\n<meta name=\"twitter:label1\" content=\"Gesch\u00e4tzte Lesezeit\" \/>\n\t<meta name=\"twitter:data1\" content=\"2\u00a0Minuten\" \/>\n<script type=\"application\/ld+json\" class=\"yoast-schema-graph\">{\"@context\":\"https:\/\/schema.org\",\"@graph\":[{\"@type\":\"WebPage\",\"@id\":\"https:\/\/eduard-moerike-schule.de\/index.php\/atelier\/\",\"url\":\"https:\/\/eduard-moerike-schule.de\/index.php\/atelier\/\",\"name\":\"Atelier - Eduard-M\u00f6rike-Grundschule Blaustein\",\"isPartOf\":{\"@id\":\"https:\/\/eduard-moerike-schule.de\/#website\"},\"primaryImageOfPage\":{\"@id\":\"https:\/\/eduard-moerike-schule.de\/index.php\/atelier\/#primaryimage\"},\"image\":{\"@id\":\"https:\/\/eduard-moerike-schule.de\/index.php\/atelier\/#primaryimage\"},\"thumbnailUrl\":\"http:\/\/eduard-moerike-schule.de\/wp-content\/uploads\/2020\/03\/Atelier-e1585321406582.jpg\",\"datePublished\":\"2017-11-16T19:37:51+00:00\",\"dateModified\":\"2025-10-13T12:58:20+00:00\",\"breadcrumb\":{\"@id\":\"https:\/\/eduard-moerike-schule.de\/index.php\/atelier\/#breadcrumb\"},\"inLanguage\":\"de\",\"potentialAction\":[{\"@type\":\"ReadAction\",\"target\":[\"https:\/\/eduard-moerike-schule.de\/index.php\/atelier\/\"]}]},{\"@type\":\"ImageObject\",\"inLanguage\":\"de\",\"@id\":\"https:\/\/eduard-moerike-schule.de\/index.php\/atelier\/#primaryimage\",\"url\":\"http:\/\/eduard-moerike-schule.de\/wp-content\/uploads\/2020\/03\/Atelier-e1585321406582.jpg\",\"contentUrl\":\"http:\/\/eduard-moerike-schule.de\/wp-content\/uploads\/2020\/03\/Atelier-e1585321406582.jpg\"},{\"@type\":\"BreadcrumbList\",\"@id\":\"https:\/\/eduard-moerike-schule.de\/index.php\/atelier\/#breadcrumb\",\"itemListElement\":[{\"@type\":\"ListItem\",\"position\":1,\"name\":\"Startseite\",\"item\":\"https:\/\/eduard-moerike-schule.de\/\"},{\"@type\":\"ListItem\",\"position\":2,\"name\":\"Atelier\"}]},{\"@type\":\"WebSite\",\"@id\":\"https:\/\/eduard-moerike-schule.de\/#website\",\"url\":\"https:\/\/eduard-moerike-schule.de\/\",\"name\":\"Eduard-M\u00f6rike-Grundschule Blaustein\",\"description\":\"Bunt &amp; Stark\",\"publisher\":{\"@id\":\"https:\/\/eduard-moerike-schule.de\/#organization\"},\"potentialAction\":[{\"@type\":\"SearchAction\",\"target\":{\"@type\":\"EntryPoint\",\"urlTemplate\":\"https:\/\/eduard-moerike-schule.de\/?s={search_term_string}\"},\"query-input\":{\"@type\":\"PropertyValueSpecification\",\"valueRequired\":true,\"valueName\":\"search_term_string\"}}],\"inLanguage\":\"de\"},{\"@type\":\"Organization\",\"@id\":\"https:\/\/eduard-moerike-schule.de\/#organization\",\"name\":\"Eduard-M\u00f6rike-Schule Blaustein\",\"url\":\"https:\/\/eduard-moerike-schule.de\/\",\"logo\":{\"@type\":\"ImageObject\",\"inLanguage\":\"de\",\"@id\":\"https:\/\/eduard-moerike-schule.de\/#\/schema\/logo\/image\/\",\"url\":\"https:\/\/eduard-moerike-schule.de\/wp-content\/uploads\/2017\/11\/logo_1000.jpg\",\"contentUrl\":\"https:\/\/eduard-moerike-schule.de\/wp-content\/uploads\/2017\/11\/logo_1000.jpg\",\"width\":1000,\"height\":356,\"caption\":\"Eduard-M\u00f6rike-Schule Blaustein\"},\"image\":{\"@id\":\"https:\/\/eduard-moerike-schule.de\/#\/schema\/logo\/image\/\"}}]}<\/script>\n<!-- \/ Yoast SEO plugin. -->","yoast_head_json":{"title":"Atelier - Eduard-M\u00f6rike-Grundschule Blaustein","robots":{"index":"index","follow":"follow","max-snippet":"max-snippet:-1","max-image-preview":"max-image-preview:large","max-video-preview":"max-video-preview:-1"},"canonical":"https:\/\/eduard-moerike-schule.de\/index.php\/atelier\/","og_locale":"de_DE","og_type":"article","og_title":"Atelier - Eduard-M\u00f6rike-Grundschule Blaustein","og_description":"Wir arbeiten in Projekten Atelierunterricht ist projektorientierter Unterricht zu ausgew\u00e4hlten Themen aus dem Fach Kunst\/Werken. Unsere Ateliers 2025\/26","og_url":"https:\/\/eduard-moerike-schule.de\/index.php\/atelier\/","og_site_name":"Eduard-M\u00f6rike-Grundschule Blaustein","article_modified_time":"2025-10-13T12:58:20+00:00","og_image":[{"url":"http:\/\/eduard-moerike-schule.de\/wp-content\/uploads\/2020\/03\/Atelier-e1585321406582.jpg","type":"","width":"","height":""}],"twitter_card":"summary_large_image","twitter_misc":{"Gesch\u00e4tzte Lesezeit":"2\u00a0Minuten"},"schema":{"@context":"https:\/\/schema.org","@graph":[{"@type":"WebPage","@id":"https:\/\/eduard-moerike-schule.de\/index.php\/atelier\/","url":"https:\/\/eduard-moerike-schule.de\/index.php\/atelier\/","name":"Atelier - Eduard-M\u00f6rike-Grundschule Blaustein","isPartOf":{"@id":"https:\/\/eduard-moerike-schule.de\/#website"},"primaryImageOfPage":{"@id":"https:\/\/eduard-moerike-schule.de\/index.php\/atelier\/#primaryimage"},"image":{"@id":"https:\/\/eduard-moerike-schule.de\/index.php\/atelier\/#primaryimage"},"thumbnailUrl":"http:\/\/eduard-moerike-schule.de\/wp-content\/uploads\/2020\/03\/Atelier-e1585321406582.jpg","datePublished":"2017-11-16T19:37:51+00:00","dateModified":"2025-10-13T12:58:20+00:00","breadcrumb":{"@id":"https:\/\/eduard-moerike-schule.de\/index.php\/atelier\/#breadcrumb"},"inLanguage":"de","potentialAction":[{"@type":"ReadAction","target":["https:\/\/eduard-moerike-schule.de\/index.php\/atelier\/"]}]},{"@type":"ImageObject","inLanguage":"de","@id":"https:\/\/eduard-moerike-schule.de\/index.php\/atelier\/#primaryimage","url":"http:\/\/eduard-moerike-schule.de\/wp-content\/uploads\/2020\/03\/Atelier-e1585321406582.jpg","contentUrl":"http:\/\/eduard-moerike-schule.de\/wp-content\/uploads\/2020\/03\/Atelier-e1585321406582.jpg"},{"@type":"BreadcrumbList","@id":"https:\/\/eduard-moerike-schule.de\/index.php\/atelier\/#breadcrumb","itemListElement":[{"@type":"ListItem","position":1,"name":"Startseite","item":"https:\/\/eduard-moerike-schule.de\/"},{"@type":"ListItem","position":2,"name":"Atelier"}]},{"@type":"WebSite","@id":"https:\/\/eduard-moerike-schule.de\/#website","url":"https:\/\/eduard-moerike-schule.de\/","name":"Eduard-M\u00f6rike-Grundschule Blaustein","description":"Bunt &amp; Stark","publisher":{"@id":"https:\/\/eduard-moerike-schule.de\/#organization"},"potentialAction":[{"@type":"SearchAction","target":{"@type":"EntryPoint","urlTemplate":"https:\/\/eduard-moerike-schule.de\/?s={search_term_string}"},"query-input":{"@type":"PropertyValueSpecification","valueRequired":true,"valueName":"search_term_string"}}],"inLanguage":"de"},{"@type":"Organization","@id":"https:\/\/eduard-moerike-schule.de\/#organization","name":"Eduard-M\u00f6rike-Schule Blaustein","url":"https:\/\/eduard-moerike-schule.de\/","logo":{"@type":"ImageObject","inLanguage":"de","@id":"https:\/\/eduard-moerike-schule.de\/#\/schema\/logo\/image\/","url":"https:\/\/eduard-moerike-schule.de\/wp-content\/uploads\/2017\/11\/logo_1000.jpg","contentUrl":"https:\/\/eduard-moerike-schule.de\/wp-content\/uploads\/2017\/11\/logo_1000.jpg","width":1000,"height":356,"caption":"Eduard-M\u00f6rike-Schule Blaustein"},"image":{"@id":"https:\/\/eduard-moerike-schule.de\/#\/schema\/logo\/image\/"}}]}},"_links":{"self":[{"href":"https:\/\/eduard-moerike-schule.de\/index.php\/wp-json\/wp\/v2\/pages\/248","targetHints":{"allow":["GET"]}}],"collection":[{"href":"https:\/\/eduard-moerike-schule.de\/index.php\/wp-json\/wp\/v2\/pages"}],"about":[{"href":"https:\/\/eduard-moerike-schule.de\/index.php\/wp-json\/wp\/v2\/types\/page"}],"author":[{"embeddable":true,"href":"https:\/\/eduard-moerike-schule.de\/index.php\/wp-json\/wp\/v2\/users\/1"}],"replies":[{"embeddable":true,"href":"https:\/\/eduard-moerike-schule.de\/index.php\/wp-json\/wp\/v2\/comments?post=248"}],"version-history":[{"count":12,"href":"https:\/\/eduard-moerike-schule.de\/index.php\/wp-json\/wp\/v2\/pages\/248\/revisions"}],"predecessor-version":[{"id":3130,"href":"https:\/\/eduard-moerike-schule.de\/index.php\/wp-json\/wp\/v2\/pages\/248\/revisions\/3130"}],"wp:attachment":[{"href":"https:\/\/eduard-moerike-schule.de\/index.php\/wp-json\/wp\/v2\/media?parent=248"}],"curies":[{"name":"wp","href":"https:\/\/api.w.org\/{rel}","templated":true}]}}