{"id":219,"date":"2017-11-16T19:48:30","date_gmt":"2017-11-16T18:48:30","guid":{"rendered":"http:\/\/eduard-moerike-schule.de\/?page_id=219"},"modified":"2022-02-03T15:58:30","modified_gmt":"2022-02-03T14:58:30","slug":"schulleben","status":"publish","type":"page","link":"https:\/\/eduard-moerike-schule.de\/index.php\/schulleben\/","title":{"rendered":"Schulleben"},"content":{"rendered":"\n<div class=\"wp-block-columns is-layout-flex wp-container-core-columns-is-layout-9d6595d7 wp-block-columns-is-layout-flex\">\n<div class=\"wp-block-column is-layout-flow wp-block-column-is-layout-flow\" style=\"flex-basis:33.33%\">\n<figure class=\"wp-block-image size-full\"><img loading=\"lazy\" decoding=\"async\" width=\"240\" height=\"160\" src=\"https:\/\/eduard-moerike-schule.de\/wp-content\/uploads\/2018\/01\/VieleKinder1-e1516463344661.jpg\" alt=\"\" class=\"wp-image-778\"\/><\/figure>\n\n\n\n<figure class=\"wp-block-image size-full\"><img loading=\"lazy\" decoding=\"async\" width=\"240\" height=\"160\" src=\"https:\/\/eduard-moerike-schule.de\/wp-content\/uploads\/2018\/01\/VieleKinder-e1516463356476.jpg\" alt=\"\" class=\"wp-image-777\"\/><\/figure>\n\n\n\n<figure class=\"wp-block-image size-full\"><img loading=\"lazy\" decoding=\"async\" width=\"240\" height=\"160\" src=\"https:\/\/eduard-moerike-schule.de\/wp-content\/uploads\/2017\/11\/viele-kinder-e1516463540586.jpg\" alt=\"\" class=\"wp-image-403\"\/><\/figure>\n\n\n\n<p><em>\u201eIm Lernen leben und im Leben lernen.\u201d (Otto Herz)<\/em><\/p>\n<\/div>\n\n\n\n<div class=\"wp-block-column is-layout-flow wp-block-column-is-layout-flow\" style=\"flex-basis:66.66%\">\n<h2 class=\"wp-block-heading\">\u00a0Schule f\u00fcr alle<\/h2>\n\n\n\n<p>Unsere Schule ist eine bunte Schule f\u00fcr alle Kinder, die mit ihrem gebundenen Ganztagesbetrieb, ihren Bestrebungen im Bereich der Inklusion, den engen Kooperationen innerhalb der Schulgemeinschaft und mit zahlreichen au\u00dferschulischen Partnern einen bunten Teil des Lebens abbildet.<\/p>\n\n\n\n<p>Und wenn Leben und Lernen zusammengeh\u00f6ren, dann macht Inklusion Sinn, dann macht Ganztagesschule Sinn, dann macht Schule Sinn!<\/p>\n\n\n\n<p>Als gruppenbezogener Standort im Bereich Inklusion arbeitet die Eduard-M\u00f6rike-Schule sehr eng mit der benachbarten F\u00f6rderschule zusammen.&nbsp;Mehrere Sonderp\u00e4dagogen aus unterschiedlichen Fachrichtungen unterst\u00fctzen Kinder mit festgestelltem sonderp\u00e4dagogischem F\u00f6rderanspruch im Klassenverband der Grundschule. Neben dem gemeinsamen Unterricht werden auch Projekte im musisch-\u00e4sthetischen Bereich, sportliche Aktivit\u00e4ten und Feste oft gemeinsam durchgef\u00fchrt, wovon beide Schulen gleicherma\u00dfen profitieren.<\/p>\n<\/div>\n<\/div>\n\n\n\n<hr class=\"wp-block-separator has-text-color has-background has-black-background-color has-black-color is-style-wide\"\/>\n\n\n\n<div class=\"wp-block-columns is-layout-flex wp-container-core-columns-is-layout-9d6595d7 wp-block-columns-is-layout-flex\">\n<div class=\"wp-block-column is-layout-flow wp-block-column-is-layout-flow\" style=\"flex-basis:33.33%\">\n<figure class=\"wp-block-image size-full\"><img loading=\"lazy\" decoding=\"async\" width=\"640\" height=\"480\" src=\"https:\/\/eduard-moerike-schule.de\/wp-content\/uploads\/2018\/07\/Orchester-Lahr.jpg\" alt=\"\" class=\"wp-image-858\" srcset=\"https:\/\/eduard-moerike-schule.de\/wp-content\/uploads\/2018\/07\/Orchester-Lahr.jpg 640w, https:\/\/eduard-moerike-schule.de\/wp-content\/uploads\/2018\/07\/Orchester-Lahr-300x225.jpg 300w\" sizes=\"auto, (max-width: 640px) 100vw, 640px\" \/><\/figure>\n<\/div>\n\n\n\n<div class=\"wp-block-column is-layout-flow wp-block-column-is-layout-flow\" style=\"flex-basis:66.66%\">\n<h2 class=\"wp-block-heading\">Musik<\/h2>\n\n\n\n<p>Die Auftritte unseres Chors oder des Orchesters kr\u00f6nen unser Schulleben und bereichern unsere Feste. Besonders stolz sind wir auf die erfolgreiche Teilnahme unseres Orchesters&nbsp; an den Schulorchestertagen. <\/p>\n\n\n\n<p>Ein unvergessliches Erlebnis war das Mitwirken unseres Chors bei dem Musical \u201eEvita\u201c, das vom Ulmer Theater auf der Wilhelmsburg inszeniert wurde. Die vielen Auftritte zur n\u00e4chtlichen Stunde vor tausenden von Zuschauern erforderten Nervenst\u00e4rke, Diszipliniertheit und vor allem K\u00f6nnen.<\/p>\n<\/div>\n<\/div>\n\n\n\n<hr class=\"wp-block-separator has-text-color has-background has-black-background-color has-black-color is-style-wide\"\/>\n\n\n\n<div class=\"wp-block-columns is-layout-flex wp-container-core-columns-is-layout-9d6595d7 wp-block-columns-is-layout-flex\">\n<div class=\"wp-block-column is-layout-flow wp-block-column-is-layout-flow\" style=\"flex-basis:33.33%\">\n<figure class=\"wp-block-image size-full\"><img loading=\"lazy\" decoding=\"async\" width=\"240\" height=\"240\" src=\"https:\/\/eduard-moerike-schule.de\/wp-content\/uploads\/2021\/03\/gr\u00fcnfinder-e1617116471199.jpg\" alt=\"\" class=\"wp-image-1592\"\/><\/figure>\n<\/div>\n\n\n\n<div class=\"wp-block-column is-layout-flow wp-block-column-is-layout-flow\" style=\"flex-basis:66.66%\">\n<h2 class=\"wp-block-heading\">Gr\u00fcnfinder<\/h2>\n\n\n\n<p>Mit dem Projekt \u201eGr\u00fcnfinder\u201c erm\u00f6glicht die Kinderstiftung unserer Schule nachmittags und in den Ferien Erlebnisse und Erfahrungen in der Natur. Mit einer Biologin und der Lehrerin gemeinsam geht es f\u00fcr die Erstkl\u00e4ssler einmal pro Woche in die Natur, Im direkten Lebensumfeld der Kinder werden Wald, Fluss und Wiese zu Fu\u00df erkundet.<\/p>\n\n\n\n<p>Bewegung in der Natur, frische Luft, Sch\u00e4rfung der Sinne und Naturbeobachtungen an Pflanzen und Tieren sind Erfahrungen, die f\u00fcr viele Kinder heutzutage leider nicht mehr selbstverst\u00e4ndlich zum Leben dazugeh\u00f6ren.<br>Die Gr\u00fcnfinderstunden er\u00f6ffnen Welten, st\u00e4rken die Sinne und das Selbstbewusstsein, machen Spa\u00df und halten gesund.<\/p>\n<\/div>\n<\/div>\n\n\n\n<hr class=\"wp-block-separator has-text-color has-background has-black-background-color has-black-color is-style-wide\"\/>\n\n\n\n<div class=\"wp-block-columns is-layout-flex wp-container-core-columns-is-layout-9d6595d7 wp-block-columns-is-layout-flex\">\n<div class=\"wp-block-column is-layout-flow wp-block-column-is-layout-flow\" style=\"flex-basis:33.33%\">\n<figure class=\"wp-block-image size-full\"><img loading=\"lazy\" decoding=\"async\" width=\"240\" height=\"240\" src=\"https:\/\/eduard-moerike-schule.de\/wp-content\/uploads\/2021\/04\/IMG_1880-e1617724211160.jpg\" alt=\"\" class=\"wp-image-1599\"\/><\/figure>\n\n\n\n<figure class=\"wp-block-image size-full\"><img loading=\"lazy\" decoding=\"async\" width=\"240\" height=\"240\" src=\"https:\/\/eduard-moerike-schule.de\/wp-content\/uploads\/2021\/04\/IMG_1874-e1617724224732.jpg\" alt=\"\" class=\"wp-image-1598\"\/><\/figure>\n\n\n\n<figure class=\"wp-block-image size-full\"><img loading=\"lazy\" decoding=\"async\" width=\"240\" height=\"320\" src=\"https:\/\/eduard-moerike-schule.de\/wp-content\/uploads\/2021\/04\/IMG_1947-rotated-e1617724237478.jpg\" alt=\"\" class=\"wp-image-1600\"\/><\/figure>\n\n\n\n<figure class=\"wp-block-image size-full\"><img loading=\"lazy\" decoding=\"async\" width=\"240\" height=\"320\" src=\"https:\/\/eduard-moerike-schule.de\/wp-content\/uploads\/2021\/04\/IMG_1972-rotated-e1617724268776.jpg\" alt=\"\" class=\"wp-image-1601\"\/><\/figure>\n<\/div>\n\n\n\n<div class=\"wp-block-column is-layout-flow wp-block-column-is-layout-flow\" style=\"flex-basis:66.66%\">\n<h2 class=\"wp-block-heading\">Stille<\/h2>\n\n\n\n<p>Der Raum der Stille soll den Kindern und Erwachsenen neue Erfahrungsr\u00e4ume er\u00f6ffnen.<\/p>\n\n\n\n<p>Er soll eine \u201eInsel der Ruhe\u201c im umtriebigen Schulalltag sein. Im Raum der Stille sollen sich Sch\u00fclerInnen, LehrerInnen, Kinder und Erwachsene respektvoll und im wertungsfreien Raum begegnen. Der Besuch des Raumes der Stille, beziehungsweise eines Angebots dort, beruht stets auf Freiwilligkeit und hat Angebotscharakter. Der Raum der Stille ist offen f\u00fcr alle Menschen \u201eguten Willens\u201c unabh\u00e4ngig von Alter, Geschlecht oder Konfession.<\/p>\n\n\n\n<p>Im Raum der Stille werden Kinder zu einer inneren Haltung der Achtsamkeit und des bewussten Wahrnehmens gef\u00fchrt. Sie sollen Momente des \u201eEins-Seins\u201c erleben k\u00f6nnen, die heilsam und st\u00e4rkend in den Alltag hinein wirken.<\/p>\n\n\n\n<p>Der Raum der Stille soll in seiner Einrichtung, Gestaltung und speziellen Nutzung als \u201ebesonderer Raum\u201c von den Mitgliedern der Schulgemeinschaft erlebbar sein.<\/p>\n<\/div>\n<\/div>\n\n\n\n<hr class=\"wp-block-separator has-text-color has-background has-black-background-color has-black-color is-style-wide\"\/>\n","protected":false},"excerpt":{"rendered":"<p>\u201eIm Lernen leben und im Leben lernen.\u201d (Otto Herz) \u00a0Schule f\u00fcr alle Unsere Schule ist eine bunte Schule f\u00fcr alle Kinder, die mit ihrem gebundenen Ganztagesbetrieb, ihren Bestrebungen im Bereich der Inklusion, den engen Kooperationen innerhalb der Schulgemeinschaft und mit zahlreichen au\u00dferschulischen Partnern einen bunten Teil des Lebens abbildet. Und wenn Leben und Lernen zusammengeh\u00f6ren, &hellip; <\/p>\n<p class=\"link-more\"><a href=\"https:\/\/eduard-moerike-schule.de\/index.php\/schulleben\/\" class=\"more-link\"><span class=\"screen-reader-text\">\u201eSchulleben\u201c <\/span>weiterlesen<\/a><\/p>\n","protected":false},"author":1,"featured_media":0,"parent":0,"menu_order":0,"comment_status":"closed","ping_status":"closed","template":"","meta":{"footnotes":""},"class_list":["post-219","page","type-page","status-publish","hentry"],"yoast_head":"<!-- This site is optimized with the Yoast SEO plugin v27.1.1 - https:\/\/yoast.com\/product\/yoast-seo-wordpress\/ -->\n<title>Schulleben - Eduard-M\u00f6rike-Grundschule Blaustein<\/title>\n<meta name=\"robots\" content=\"index, follow, max-snippet:-1, max-image-preview:large, max-video-preview:-1\" \/>\n<link rel=\"canonical\" href=\"https:\/\/eduard-moerike-schule.de\/index.php\/schulleben\/\" \/>\n<meta property=\"og:locale\" content=\"de_DE\" \/>\n<meta property=\"og:type\" content=\"article\" \/>\n<meta property=\"og:title\" content=\"Schulleben - Eduard-M\u00f6rike-Grundschule Blaustein\" \/>\n<meta property=\"og:description\" content=\"\u201eIm Lernen leben und im Leben lernen.\u201d (Otto Herz) \u00a0Schule f\u00fcr alle Unsere Schule ist eine bunte Schule f\u00fcr alle Kinder, die mit ihrem gebundenen Ganztagesbetrieb, ihren Bestrebungen im Bereich der Inklusion, den engen Kooperationen innerhalb der Schulgemeinschaft und mit zahlreichen au\u00dferschulischen Partnern einen bunten Teil des Lebens abbildet. Und wenn Leben und Lernen zusammengeh\u00f6ren, &hellip; \u201eSchulleben\u201c weiterlesen\" \/>\n<meta property=\"og:url\" content=\"https:\/\/eduard-moerike-schule.de\/index.php\/schulleben\/\" \/>\n<meta property=\"og:site_name\" content=\"Eduard-M\u00f6rike-Grundschule Blaustein\" \/>\n<meta property=\"article:modified_time\" content=\"2022-02-03T14:58:30+00:00\" \/>\n<meta property=\"og:image\" content=\"http:\/\/eduard-moerike-schule.de\/wp-content\/uploads\/2018\/01\/VieleKinder1-e1516463344661.jpg\" \/>\n<meta name=\"twitter:card\" content=\"summary_large_image\" \/>\n<meta name=\"twitter:label1\" content=\"Gesch\u00e4tzte Lesezeit\" \/>\n\t<meta name=\"twitter:data1\" content=\"2\u00a0Minuten\" \/>\n<script type=\"application\/ld+json\" class=\"yoast-schema-graph\">{\"@context\":\"https:\/\/schema.org\",\"@graph\":[{\"@type\":\"WebPage\",\"@id\":\"https:\/\/eduard-moerike-schule.de\/index.php\/schulleben\/\",\"url\":\"https:\/\/eduard-moerike-schule.de\/index.php\/schulleben\/\",\"name\":\"Schulleben - Eduard-M\u00f6rike-Grundschule Blaustein\",\"isPartOf\":{\"@id\":\"https:\/\/eduard-moerike-schule.de\/#website\"},\"primaryImageOfPage\":{\"@id\":\"https:\/\/eduard-moerike-schule.de\/index.php\/schulleben\/#primaryimage\"},\"image\":{\"@id\":\"https:\/\/eduard-moerike-schule.de\/index.php\/schulleben\/#primaryimage\"},\"thumbnailUrl\":\"http:\/\/eduard-moerike-schule.de\/wp-content\/uploads\/2018\/01\/VieleKinder1-e1516463344661.jpg\",\"datePublished\":\"2017-11-16T18:48:30+00:00\",\"dateModified\":\"2022-02-03T14:58:30+00:00\",\"breadcrumb\":{\"@id\":\"https:\/\/eduard-moerike-schule.de\/index.php\/schulleben\/#breadcrumb\"},\"inLanguage\":\"de\",\"potentialAction\":[{\"@type\":\"ReadAction\",\"target\":[\"https:\/\/eduard-moerike-schule.de\/index.php\/schulleben\/\"]}]},{\"@type\":\"ImageObject\",\"inLanguage\":\"de\",\"@id\":\"https:\/\/eduard-moerike-schule.de\/index.php\/schulleben\/#primaryimage\",\"url\":\"http:\/\/eduard-moerike-schule.de\/wp-content\/uploads\/2018\/01\/VieleKinder1-e1516463344661.jpg\",\"contentUrl\":\"http:\/\/eduard-moerike-schule.de\/wp-content\/uploads\/2018\/01\/VieleKinder1-e1516463344661.jpg\"},{\"@type\":\"BreadcrumbList\",\"@id\":\"https:\/\/eduard-moerike-schule.de\/index.php\/schulleben\/#breadcrumb\",\"itemListElement\":[{\"@type\":\"ListItem\",\"position\":1,\"name\":\"Startseite\",\"item\":\"https:\/\/eduard-moerike-schule.de\/\"},{\"@type\":\"ListItem\",\"position\":2,\"name\":\"Schulleben\"}]},{\"@type\":\"WebSite\",\"@id\":\"https:\/\/eduard-moerike-schule.de\/#website\",\"url\":\"https:\/\/eduard-moerike-schule.de\/\",\"name\":\"Eduard-M\u00f6rike-Grundschule Blaustein\",\"description\":\"Bunt &amp; Stark\",\"publisher\":{\"@id\":\"https:\/\/eduard-moerike-schule.de\/#organization\"},\"potentialAction\":[{\"@type\":\"SearchAction\",\"target\":{\"@type\":\"EntryPoint\",\"urlTemplate\":\"https:\/\/eduard-moerike-schule.de\/?s={search_term_string}\"},\"query-input\":{\"@type\":\"PropertyValueSpecification\",\"valueRequired\":true,\"valueName\":\"search_term_string\"}}],\"inLanguage\":\"de\"},{\"@type\":\"Organization\",\"@id\":\"https:\/\/eduard-moerike-schule.de\/#organization\",\"name\":\"Eduard-M\u00f6rike-Schule Blaustein\",\"url\":\"https:\/\/eduard-moerike-schule.de\/\",\"logo\":{\"@type\":\"ImageObject\",\"inLanguage\":\"de\",\"@id\":\"https:\/\/eduard-moerike-schule.de\/#\/schema\/logo\/image\/\",\"url\":\"https:\/\/eduard-moerike-schule.de\/wp-content\/uploads\/2017\/11\/logo_1000.jpg\",\"contentUrl\":\"https:\/\/eduard-moerike-schule.de\/wp-content\/uploads\/2017\/11\/logo_1000.jpg\",\"width\":1000,\"height\":356,\"caption\":\"Eduard-M\u00f6rike-Schule Blaustein\"},\"image\":{\"@id\":\"https:\/\/eduard-moerike-schule.de\/#\/schema\/logo\/image\/\"}}]}<\/script>\n<!-- \/ Yoast SEO plugin. -->","yoast_head_json":{"title":"Schulleben - Eduard-M\u00f6rike-Grundschule Blaustein","robots":{"index":"index","follow":"follow","max-snippet":"max-snippet:-1","max-image-preview":"max-image-preview:large","max-video-preview":"max-video-preview:-1"},"canonical":"https:\/\/eduard-moerike-schule.de\/index.php\/schulleben\/","og_locale":"de_DE","og_type":"article","og_title":"Schulleben - Eduard-M\u00f6rike-Grundschule Blaustein","og_description":"\u201eIm Lernen leben und im Leben lernen.\u201d (Otto Herz) \u00a0Schule f\u00fcr alle Unsere Schule ist eine bunte Schule f\u00fcr alle Kinder, die mit ihrem gebundenen Ganztagesbetrieb, ihren Bestrebungen im Bereich der Inklusion, den engen Kooperationen innerhalb der Schulgemeinschaft und mit zahlreichen au\u00dferschulischen Partnern einen bunten Teil des Lebens abbildet. Und wenn Leben und Lernen zusammengeh\u00f6ren, &hellip; \u201eSchulleben\u201c weiterlesen","og_url":"https:\/\/eduard-moerike-schule.de\/index.php\/schulleben\/","og_site_name":"Eduard-M\u00f6rike-Grundschule Blaustein","article_modified_time":"2022-02-03T14:58:30+00:00","og_image":[{"url":"http:\/\/eduard-moerike-schule.de\/wp-content\/uploads\/2018\/01\/VieleKinder1-e1516463344661.jpg","type":"","width":"","height":""}],"twitter_card":"summary_large_image","twitter_misc":{"Gesch\u00e4tzte Lesezeit":"2\u00a0Minuten"},"schema":{"@context":"https:\/\/schema.org","@graph":[{"@type":"WebPage","@id":"https:\/\/eduard-moerike-schule.de\/index.php\/schulleben\/","url":"https:\/\/eduard-moerike-schule.de\/index.php\/schulleben\/","name":"Schulleben - Eduard-M\u00f6rike-Grundschule Blaustein","isPartOf":{"@id":"https:\/\/eduard-moerike-schule.de\/#website"},"primaryImageOfPage":{"@id":"https:\/\/eduard-moerike-schule.de\/index.php\/schulleben\/#primaryimage"},"image":{"@id":"https:\/\/eduard-moerike-schule.de\/index.php\/schulleben\/#primaryimage"},"thumbnailUrl":"http:\/\/eduard-moerike-schule.de\/wp-content\/uploads\/2018\/01\/VieleKinder1-e1516463344661.jpg","datePublished":"2017-11-16T18:48:30+00:00","dateModified":"2022-02-03T14:58:30+00:00","breadcrumb":{"@id":"https:\/\/eduard-moerike-schule.de\/index.php\/schulleben\/#breadcrumb"},"inLanguage":"de","potentialAction":[{"@type":"ReadAction","target":["https:\/\/eduard-moerike-schule.de\/index.php\/schulleben\/"]}]},{"@type":"ImageObject","inLanguage":"de","@id":"https:\/\/eduard-moerike-schule.de\/index.php\/schulleben\/#primaryimage","url":"http:\/\/eduard-moerike-schule.de\/wp-content\/uploads\/2018\/01\/VieleKinder1-e1516463344661.jpg","contentUrl":"http:\/\/eduard-moerike-schule.de\/wp-content\/uploads\/2018\/01\/VieleKinder1-e1516463344661.jpg"},{"@type":"BreadcrumbList","@id":"https:\/\/eduard-moerike-schule.de\/index.php\/schulleben\/#breadcrumb","itemListElement":[{"@type":"ListItem","position":1,"name":"Startseite","item":"https:\/\/eduard-moerike-schule.de\/"},{"@type":"ListItem","position":2,"name":"Schulleben"}]},{"@type":"WebSite","@id":"https:\/\/eduard-moerike-schule.de\/#website","url":"https:\/\/eduard-moerike-schule.de\/","name":"Eduard-M\u00f6rike-Grundschule Blaustein","description":"Bunt &amp; Stark","publisher":{"@id":"https:\/\/eduard-moerike-schule.de\/#organization"},"potentialAction":[{"@type":"SearchAction","target":{"@type":"EntryPoint","urlTemplate":"https:\/\/eduard-moerike-schule.de\/?s={search_term_string}"},"query-input":{"@type":"PropertyValueSpecification","valueRequired":true,"valueName":"search_term_string"}}],"inLanguage":"de"},{"@type":"Organization","@id":"https:\/\/eduard-moerike-schule.de\/#organization","name":"Eduard-M\u00f6rike-Schule Blaustein","url":"https:\/\/eduard-moerike-schule.de\/","logo":{"@type":"ImageObject","inLanguage":"de","@id":"https:\/\/eduard-moerike-schule.de\/#\/schema\/logo\/image\/","url":"https:\/\/eduard-moerike-schule.de\/wp-content\/uploads\/2017\/11\/logo_1000.jpg","contentUrl":"https:\/\/eduard-moerike-schule.de\/wp-content\/uploads\/2017\/11\/logo_1000.jpg","width":1000,"height":356,"caption":"Eduard-M\u00f6rike-Schule Blaustein"},"image":{"@id":"https:\/\/eduard-moerike-schule.de\/#\/schema\/logo\/image\/"}}]}},"_links":{"self":[{"href":"https:\/\/eduard-moerike-schule.de\/index.php\/wp-json\/wp\/v2\/pages\/219","targetHints":{"allow":["GET"]}}],"collection":[{"href":"https:\/\/eduard-moerike-schule.de\/index.php\/wp-json\/wp\/v2\/pages"}],"about":[{"href":"https:\/\/eduard-moerike-schule.de\/index.php\/wp-json\/wp\/v2\/types\/page"}],"author":[{"embeddable":true,"href":"https:\/\/eduard-moerike-schule.de\/index.php\/wp-json\/wp\/v2\/users\/1"}],"replies":[{"embeddable":true,"href":"https:\/\/eduard-moerike-schule.de\/index.php\/wp-json\/wp\/v2\/comments?post=219"}],"version-history":[{"count":14,"href":"https:\/\/eduard-moerike-schule.de\/index.php\/wp-json\/wp\/v2\/pages\/219\/revisions"}],"predecessor-version":[{"id":1887,"href":"https:\/\/eduard-moerike-schule.de\/index.php\/wp-json\/wp\/v2\/pages\/219\/revisions\/1887"}],"wp:attachment":[{"href":"https:\/\/eduard-moerike-schule.de\/index.php\/wp-json\/wp\/v2\/media?parent=219"}],"curies":[{"name":"wp","href":"https:\/\/api.w.org\/{rel}","templated":true}]}}