{"id":184,"date":"2017-11-16T18:17:27","date_gmt":"2017-11-16T17:17:27","guid":{"rendered":"http:\/\/eduard-moerike-schule.de\/?page_id=184"},"modified":"2023-05-12T11:15:29","modified_gmt":"2023-05-12T09:15:29","slug":"ganztagsschule","status":"publish","type":"page","link":"https:\/\/eduard-moerike-schule.de\/index.php\/ganztagsschule\/","title":{"rendered":"St\u00fctzpunktschule Ganztag"},"content":{"rendered":"\n<div class=\"wp-block-columns is-layout-flex wp-container-core-columns-is-layout-9d6595d7 wp-block-columns-is-layout-flex\">\n<div class=\"wp-block-column is-vertically-aligned-top is-layout-flow wp-block-column-is-layout-flow\" style=\"flex-basis:33.33%\">\n<h2 class=\"wp-block-heading\">Ganztagsbetrieb<\/h2>\n<\/div>\n\n\n\n<div class=\"wp-block-column is-layout-flow wp-block-column-is-layout-flow\" style=\"flex-basis:66.66%\">\n<p>Ihre Kinder sollen an unserer Schule gerne und gut lernen k\u00f6nnen und sich mit Ihrer und unserer Hilfe zu starken Pers\u00f6nlichkeiten entwickeln.<\/p>\n\n\n\n<p>Durchschnittlich 170 Sch\u00fclerinnen und Sch\u00fcler, vorwiegend aus dem Ortsteil Klingenstein, besuchen unsere Schule. Wir haben zwei Z\u00fcge pro Jahrgang sowie zwei Vorbereitungsklassen. Die N\u00e4he zur benachbarten F\u00f6rderschule macht eine enge Kooperation und eine erfolgreiche inklusive Beschulung von Kindern mit F\u00f6rderbedarf in vielen F\u00e4llen m\u00f6glich. In n\u00e4chster N\u00e4he zum Schloss Klingenstein auf dem Berg gelegen, bei Feldern, Wiesen und Wald genie\u00dfen wir eine wundersch\u00f6nen Aussicht ins Blautal, und der Schulweg auf den Berg macht stark.<\/p>\n<\/div>\n<\/div>\n\n\n\n<hr class=\"wp-block-separator has-text-color has-black-color has-css-opacity has-black-background-color has-background is-style-wide\"\/>\n\n\n\n<div class=\"wp-block-columns is-layout-flex wp-container-core-columns-is-layout-9d6595d7 wp-block-columns-is-layout-flex\">\n<div class=\"wp-block-column is-layout-flow wp-block-column-is-layout-flow\" style=\"flex-basis:33.33%\">\n<h2 class=\"wp-block-heading\">Gebundene Ganztagsschule<\/h2>\n<\/div>\n\n\n\n<div class=\"wp-block-column is-layout-flow wp-block-column-is-layout-flow\" style=\"flex-basis:66.66%\">\n<p>Die Eduard-M\u00f6rike-Schule ist eine gebundene Ganztagesschule nach \u00a7 4a. An drei Tagen findet Schule f\u00fcr alle Kinder von 8.00 \u2013 15.00 Uhr statt. Mittwochs und freitags steht es den Kindern frei, Mittagsangebote zu nutzen. Flankiert wird der Schulbetrieb durch die kommunale Betreuung, die t\u00e4glich von 6.30 \u2013 17.00 Uhr angeboten wird.<\/p>\n\n\n\n<p>In der Weiterentwicklung zur gebunden Ganztagesschule sahen und sehen wir die Chance, als <strong>Schulgemeinschaft<\/strong> Ganztag zu gestalten, Kinder in ihrer ganzheitlichen Entwicklung mit ihren unterschiedlichen Begabungen und Talenten zu unterst\u00fctzen sowie Schule als Lern- und&nbsp; Lebensraum, der altersgerecht auf die Bed\u00fcrfnisse der Kinder abgestimmt ist, weiterzuentwickeln. Unser Ziel muss es sein, das Mehr an Zeit gewinnbringend einzusetzen, um unseren Sch\u00fclerinnen und Sch\u00fclern vielf\u00e4ltige Lernerfolge zu erm\u00f6glichen.<\/p>\n<\/div>\n<\/div>\n\n\n\n<hr class=\"wp-block-separator has-text-color has-black-color has-css-opacity has-black-background-color has-background is-style-wide\"\/>\n\n\n\n<div class=\"wp-block-columns is-layout-flex wp-container-core-columns-is-layout-9d6595d7 wp-block-columns-is-layout-flex\">\n<div class=\"wp-block-column is-layout-flow wp-block-column-is-layout-flow\" style=\"flex-basis:33.33%\">\n<h2 class=\"wp-block-heading\">St\u00fctzpunktschule Ganztag<\/h2>\n<\/div>\n\n\n\n<div class=\"wp-block-column is-layout-flow wp-block-column-is-layout-flow\" style=\"flex-basis:66.66%\">\n<p>Das&nbsp;Ministerium f\u00fcr Kultus, Jugend und Sport Baden-W\u00fcrttemberg hat unsere Schule zum Schuljahr 2020\/2021 damit beauftragt, im Bereich des Unterst\u00fctzungssystems Ganztagsschule als eine von landesweit 22 St\u00fctzpunktschulen t\u00e4tig zu sein. Die St\u00fctzpunktschulen stellen eine zentrale S\u00e4ule des Unterst\u00fctzungssystems Ganztagsschule dar und sind f\u00fcr dessen Wirksamkeit von entsprechender Bedeutung.<\/p>\n\n\n\n<p>An den St\u00fctzpunktschulen werden ein oder mehrere Qualit\u00e4tsmerkmale des Qualit\u00e4tsrahmens Ganztagsschule Baden- W\u00fcrttemberg besonders gut umgesetzt. Unsere Schule bietet umfangreiche M\u00f6glichkeiten zum&nbsp;Austausch und zur Hospitation, um ihre Erfahrungen sowie ihre etablierte gute Ganztagsschulpraxis an bestehende oder k\u00fcnftige Ganztagsschulen weiterzugeben.<\/p>\n<\/div>\n<\/div>\n\n\n\n<hr class=\"wp-block-separator has-text-color has-black-color has-css-opacity has-black-background-color has-background is-style-wide\"\/>\n\n\n\n<div class=\"wp-block-columns is-layout-flex wp-container-core-columns-is-layout-9d6595d7 wp-block-columns-is-layout-flex\">\n<div class=\"wp-block-column is-layout-flow wp-block-column-is-layout-flow\" style=\"flex-basis:33.33%\">\n<h2 class=\"wp-block-heading\">Rhythmisierung<\/h2>\n<\/div>\n\n\n\n<div class=\"wp-block-column is-layout-flow wp-block-column-is-layout-flow\" style=\"flex-basis:66.66%\">\n<p>Im Tageslauf sollten sich Phasen der Konzentration und Entspannung ausgewogen abwechseln. Um die Lernzeit effektiv zu nutzen, haben wir uns f\u00fcr das Doppelstundenmodell entschieden. Lange Pausen zwischen den Lernphasen kommen dem Bewegungsdrang der Kinder entgegen. Phasen konzentrierten, lehrerzentrierter Phase wechseln sich mit selbstgesteuerten, projektorientierten Phasen des Unterrichts ab.<\/p>\n<\/div>\n<\/div>\n\n\n\n<figure class=\"wp-block-image size-large is-style-default\"><img loading=\"lazy\" decoding=\"async\" width=\"1024\" height=\"732\" src=\"https:\/\/eduard-moerike-schule.de\/wp-content\/uploads\/2021\/09\/Rhythmisierung-1024x732.png\" alt=\"\" class=\"wp-image-1683\" srcset=\"https:\/\/eduard-moerike-schule.de\/wp-content\/uploads\/2021\/09\/Rhythmisierung-1024x732.png 1024w, https:\/\/eduard-moerike-schule.de\/wp-content\/uploads\/2021\/09\/Rhythmisierung-300x214.png 300w, https:\/\/eduard-moerike-schule.de\/wp-content\/uploads\/2021\/09\/Rhythmisierung-768x549.png 768w, https:\/\/eduard-moerike-schule.de\/wp-content\/uploads\/2021\/09\/Rhythmisierung-24x17.png 24w, https:\/\/eduard-moerike-schule.de\/wp-content\/uploads\/2021\/09\/Rhythmisierung-36x26.png 36w, https:\/\/eduard-moerike-schule.de\/wp-content\/uploads\/2021\/09\/Rhythmisierung-48x34.png 48w, https:\/\/eduard-moerike-schule.de\/wp-content\/uploads\/2021\/09\/Rhythmisierung.png 1181w\" sizes=\"auto, (max-width: 706px) 89vw, (max-width: 767px) 82vw, 740px\" \/><\/figure>\n\n\n\n<hr class=\"wp-block-separator has-text-color has-black-color has-css-opacity has-black-background-color has-background is-style-wide\"\/>\n\n\n\n<div class=\"wp-block-columns is-layout-flex wp-container-core-columns-is-layout-9d6595d7 wp-block-columns-is-layout-flex\">\n<div class=\"wp-block-column is-layout-flow wp-block-column-is-layout-flow\" style=\"flex-basis:33.33%\">\n<h2 class=\"wp-block-heading\">Raum<\/h2>\n<\/div>\n\n\n\n<div class=\"wp-block-column is-layout-flow wp-block-column-is-layout-flow\" style=\"flex-basis:66.66%\">\n<p>Unsere Schule als Lebensraum ber\u00fccksichtigt den sozialen Nahraum der Kinder. Wir nutzen die N\u00e4he zu Wald und Wiesen. Verbindliche Naturzeiten f\u00fcr Kinder werden mit Hilfe von Kooperationspartnern wie den \u201eGr\u00fcnfindern\u201c zu pr\u00e4genden Erfahrungen. Mit unseren Werkst\u00e4tten, den Bewegungsr\u00e4umen, dem Raum der Stille, dem gro\u00dfen Pausenhof mit Fu\u00dfballplatz, dem Waldst\u00fcck, dem Schulgarten, dem Bienengarten, B\u00fccherei, K\u00fcche, MINT-Raum, \u2026 steht den Kindern ein vielf\u00e4ltiges Raumangebot zur Verf\u00fcgung, in dem sie&nbsp; lernen, kommunizieren, sich bewegen und&nbsp; auch zur\u00fcckziehen k\u00f6nnen.<\/p>\n<\/div>\n<\/div>\n\n\n\n<hr class=\"wp-block-separator has-text-color has-black-color has-css-opacity has-black-background-color has-background is-style-wide\"\/>\n\n\n\n<div class=\"wp-block-columns is-layout-flex wp-container-core-columns-is-layout-9d6595d7 wp-block-columns-is-layout-flex\">\n<div class=\"wp-block-column is-layout-flow wp-block-column-is-layout-flow\" style=\"flex-basis:33.33%\">\n<h2 class=\"wp-block-heading\">Feste Bezugspersonen<\/h2>\n<\/div>\n\n\n\n<div class=\"wp-block-column is-layout-flow wp-block-column-is-layout-flow\" style=\"flex-basis:66.66%\">\n<p>Durch die Gestaltung des Ganztags durch Lehrkr\u00e4fte bis 15.00 Uhr und eine intensive Zusammenarbeit mit dem Betreuungsteam der kommunalen Betreuung haben die Kinder feste Bezugspersonen.<\/p>\n<\/div>\n<\/div>\n\n\n\n<hr class=\"wp-block-separator has-text-color has-black-color has-css-opacity has-black-background-color has-background is-style-wide\"\/>\n\n\n\n<div class=\"wp-block-columns is-layout-flex wp-container-core-columns-is-layout-9d6595d7 wp-block-columns-is-layout-flex\">\n<div class=\"wp-block-column is-layout-flow wp-block-column-is-layout-flow\" style=\"flex-basis:33.33%\">\n<h2 class=\"wp-block-heading\">Demokratische Partizipation und Schulklima<\/h2>\n<\/div>\n\n\n\n<div class=\"wp-block-column is-layout-flow wp-block-column-is-layout-flow\" style=\"flex-basis:66.66%\">\n<p>Klassenrat in allen Klassen, Klassensprecher, Streitschlichterausbildung, Spieleverleih, Patenschaften, regelm\u00e4\u00dfige Schulversammlungen, gemeinsame Rituale f\u00fcr alle, viel Musik, Teilnahme an Wettbewerben, Feste und Feiern, Lernen in Projekten (Ateliers), \u2026<\/p>\n<\/div>\n<\/div>\n\n\n\n<hr class=\"wp-block-separator has-text-color has-black-color has-css-opacity has-black-background-color has-background is-style-wide\"\/>\n\n\n\n<div class=\"wp-block-columns is-layout-flex wp-container-core-columns-is-layout-9d6595d7 wp-block-columns-is-layout-flex\">\n<div class=\"wp-block-column is-layout-flow wp-block-column-is-layout-flow\" style=\"flex-basis:33.33%\">\n<h2 class=\"wp-block-heading\">F\u00f6rderung<\/h2>\n<\/div>\n\n\n\n<div class=\"wp-block-column is-layout-flow wp-block-column-is-layout-flow\" style=\"flex-basis:66.66%\">\n<p>Individuelle \u00dcbungszeiten mit Unterst\u00fctzung durch die Lehrerinnen\/Lehrer. F\u00f6rderung der Kinder ausgehend von ihrem diagnostizierten Lernstand individuell und ganzheitlich. Inklusion in allen Klassen, Angebote f\u00fcr besonders begabte Kinder, keine Hausaufgaben.<\/p>\n<\/div>\n<\/div>\n\n\n\n<hr class=\"wp-block-separator has-text-color has-black-color has-css-opacity has-black-background-color has-background is-style-wide\"\/>\n\n\n\n<div class=\"wp-block-columns is-layout-flex wp-container-core-columns-is-layout-9d6595d7 wp-block-columns-is-layout-flex\">\n<div class=\"wp-block-column is-layout-flow wp-block-column-is-layout-flow\" style=\"flex-basis:33.33%\">\n<h2 class=\"wp-block-heading\">Gesundheits-erziehung<\/h2>\n<\/div>\n\n\n\n<div class=\"wp-block-column is-layout-flow wp-block-column-is-layout-flow\" style=\"flex-basis:66.66%\">\n<p>Gemeinsames Vespern im Klassenzimmer, Klasse 2000 von Klasse 1-4, vermehrte Bewegungseinheiten, vielf\u00e4ltige sportliche Angebote&nbsp; (Basketball, Ball und Bewegung, Breakdance, Tanz, \u2026)<\/p>\n<\/div>\n<\/div>\n\n\n\n<hr class=\"wp-block-separator has-text-color has-black-color has-css-opacity has-black-background-color has-background is-style-wide\"\/>\n\n\n\n<div class=\"wp-block-columns is-layout-flex wp-container-core-columns-is-layout-9d6595d7 wp-block-columns-is-layout-flex\"><\/div>\n\n\n\n<div class=\"wp-block-columns is-layout-flex wp-container-core-columns-is-layout-9d6595d7 wp-block-columns-is-layout-flex\">\n<div class=\"wp-block-column is-layout-flow wp-block-column-is-layout-flow\" style=\"flex-basis:33.33%\">\n<h2 class=\"wp-block-heading\">Weiterf\u00fchrende Links<\/h2>\n<\/div>\n\n\n\n<div class=\"wp-block-column is-layout-flow wp-block-column-is-layout-flow\" style=\"flex-basis:66.66%\">\n<p>ZSL Ganztagsschulen:<\/p>\n\n\n\n<p><a href=\"https:\/\/zsl-bw.de\/,Lde\/Startseite\/allgemeine-bildung\/ganztagsschule\">https:\/\/zsl-bw.de\/,Lde\/Startseite\/allgemeine-bildung\/ganztagsschule<\/a><\/p>\n\n\n\n<p>ZSL St\u00fctzpunktschulen:<\/p>\n\n\n\n<p><a href=\"https:\/\/zsl-bw.de\/,Lde\/8933837\">https:\/\/zsl-bw.de\/,Lde\/8933837<\/a><\/p>\n\n\n\n<p>KM Ganztagsschulen:<\/p>\n\n\n\n<p><a href=\"https:\/\/ganztagsschule.kultus-bw.de\/Startseite\">https:\/\/ganztagsschule.kultus-bw.de\/Startseite<\/a><\/p>\n\n\n\n<p>Service Ganztagsschulen:<\/p>\n\n\n\n<p><a href=\"https:\/\/ganztagsschule.kultus-bw.de\/,Lde\/Startseite\/Service\">https:\/\/ganztagsschule.kultus-bw.de\/,Lde\/Startseite\/Service<\/a><\/p>\n\n\n\n<p>Kommunale Betreuung:<\/p>\n\n\n\n<p><a href=\"https:\/\/www.blaustein.de\/de\/bildung-soziales\/schulen\">https:\/\/www.blaustein.de\/de\/bildung-soziales\/schulen<\/a><\/p>\n<\/div>\n<\/div>\n\n\n\n<hr class=\"wp-block-separator has-text-color has-black-color has-css-opacity has-black-background-color has-background is-style-wide\"\/>\n\n\n\n<div class=\"wp-block-columns is-layout-flex wp-container-core-columns-is-layout-9d6595d7 wp-block-columns-is-layout-flex\">\n<div class=\"wp-block-column is-layout-flow wp-block-column-is-layout-flow\" style=\"flex-basis:33.33%\">\n<h2 class=\"wp-block-heading\">Qualit\u00e4tsrahmen<\/h2>\n<\/div>\n\n\n\n<div class=\"wp-block-column is-layout-flow wp-block-column-is-layout-flow\" style=\"flex-basis:66.66%\">\n<p><a href=\"https:\/\/www.baden-wuerttemberg.de\/fileadmin\/redaktion\/dateien\/PDF\/190708_Qualit\u00e4tsrahmen-Ganztagsschule_Kultusministerium_BW.pdf\">https:\/\/www.baden-wuerttemberg.de\/fileadmin\/redaktion\/dateien\/PDF\/190708_Qualit\u00e4tsrahmen-Ganztagsschule_Kultusministerium_BW.pdf<\/a><\/p>\n<\/div>\n<\/div>\n","protected":false},"excerpt":{"rendered":"<p>Ganztagsbetrieb Ihre Kinder sollen an unserer Schule gerne und gut lernen k\u00f6nnen und sich mit Ihrer und unserer Hilfe zu starken Pers\u00f6nlichkeiten entwickeln. Durchschnittlich 170 Sch\u00fclerinnen und Sch\u00fcler, vorwiegend aus dem Ortsteil Klingenstein, besuchen unsere Schule. Wir haben zwei Z\u00fcge pro Jahrgang sowie zwei Vorbereitungsklassen. Die N\u00e4he zur benachbarten F\u00f6rderschule macht eine enge Kooperation und &hellip; <\/p>\n<p class=\"link-more\"><a href=\"https:\/\/eduard-moerike-schule.de\/index.php\/ganztagsschule\/\" class=\"more-link\"><span class=\"screen-reader-text\">\u201eSt\u00fctzpunktschule Ganztag\u201c <\/span>weiterlesen<\/a><\/p>\n","protected":false},"author":1,"featured_media":0,"parent":0,"menu_order":0,"comment_status":"closed","ping_status":"closed","template":"","meta":{"footnotes":""},"class_list":["post-184","page","type-page","status-publish","hentry"],"yoast_head":"<!-- This site is optimized with the Yoast SEO plugin v27.1.1 - https:\/\/yoast.com\/product\/yoast-seo-wordpress\/ -->\n<title>St\u00fctzpunktschule Ganztag - Eduard-M\u00f6rike-Grundschule Blaustein<\/title>\n<meta name=\"robots\" content=\"index, follow, max-snippet:-1, max-image-preview:large, max-video-preview:-1\" \/>\n<link rel=\"canonical\" href=\"https:\/\/eduard-moerike-schule.de\/index.php\/ganztagesangebot\/\" \/>\n<meta property=\"og:locale\" content=\"de_DE\" \/>\n<meta property=\"og:type\" content=\"article\" \/>\n<meta property=\"og:title\" content=\"St\u00fctzpunktschule Ganztag - Eduard-M\u00f6rike-Grundschule Blaustein\" \/>\n<meta property=\"og:description\" content=\"Ganztagsbetrieb Ihre Kinder sollen an unserer Schule gerne und gut lernen k\u00f6nnen und sich mit Ihrer und unserer Hilfe zu starken Pers\u00f6nlichkeiten entwickeln. Durchschnittlich 170 Sch\u00fclerinnen und Sch\u00fcler, vorwiegend aus dem Ortsteil Klingenstein, besuchen unsere Schule. Wir haben zwei Z\u00fcge pro Jahrgang sowie zwei Vorbereitungsklassen. Die N\u00e4he zur benachbarten F\u00f6rderschule macht eine enge Kooperation und &hellip; \u201eSt\u00fctzpunktschule Ganztag\u201c weiterlesen\" \/>\n<meta property=\"og:url\" content=\"https:\/\/eduard-moerike-schule.de\/index.php\/ganztagesangebot\/\" \/>\n<meta property=\"og:site_name\" content=\"Eduard-M\u00f6rike-Grundschule Blaustein\" \/>\n<meta property=\"article:modified_time\" content=\"2023-05-12T09:15:29+00:00\" \/>\n<meta property=\"og:image\" content=\"http:\/\/eduard-moerike-schule.de\/wp-content\/uploads\/2021\/09\/Rhythmisierung-1024x732.png\" \/>\n<meta name=\"twitter:card\" content=\"summary_large_image\" \/>\n<meta name=\"twitter:label1\" content=\"Gesch\u00e4tzte Lesezeit\" \/>\n\t<meta name=\"twitter:data1\" content=\"3\u00a0Minuten\" \/>\n<script type=\"application\/ld+json\" class=\"yoast-schema-graph\">{\"@context\":\"https:\/\/schema.org\",\"@graph\":[{\"@type\":\"WebPage\",\"@id\":\"https:\/\/eduard-moerike-schule.de\/index.php\/ganztagesangebot\/\",\"url\":\"https:\/\/eduard-moerike-schule.de\/index.php\/ganztagesangebot\/\",\"name\":\"St\u00fctzpunktschule Ganztag - Eduard-M\u00f6rike-Grundschule Blaustein\",\"isPartOf\":{\"@id\":\"https:\/\/eduard-moerike-schule.de\/#website\"},\"primaryImageOfPage\":{\"@id\":\"https:\/\/eduard-moerike-schule.de\/index.php\/ganztagesangebot\/#primaryimage\"},\"image\":{\"@id\":\"https:\/\/eduard-moerike-schule.de\/index.php\/ganztagesangebot\/#primaryimage\"},\"thumbnailUrl\":\"http:\/\/eduard-moerike-schule.de\/wp-content\/uploads\/2021\/09\/Rhythmisierung-1024x732.png\",\"datePublished\":\"2017-11-16T17:17:27+00:00\",\"dateModified\":\"2023-05-12T09:15:29+00:00\",\"breadcrumb\":{\"@id\":\"https:\/\/eduard-moerike-schule.de\/index.php\/ganztagesangebot\/#breadcrumb\"},\"inLanguage\":\"de\",\"potentialAction\":[{\"@type\":\"ReadAction\",\"target\":[\"https:\/\/eduard-moerike-schule.de\/index.php\/ganztagesangebot\/\"]}]},{\"@type\":\"ImageObject\",\"inLanguage\":\"de\",\"@id\":\"https:\/\/eduard-moerike-schule.de\/index.php\/ganztagesangebot\/#primaryimage\",\"url\":\"http:\/\/eduard-moerike-schule.de\/wp-content\/uploads\/2021\/09\/Rhythmisierung-1024x732.png\",\"contentUrl\":\"http:\/\/eduard-moerike-schule.de\/wp-content\/uploads\/2021\/09\/Rhythmisierung-1024x732.png\"},{\"@type\":\"BreadcrumbList\",\"@id\":\"https:\/\/eduard-moerike-schule.de\/index.php\/ganztagesangebot\/#breadcrumb\",\"itemListElement\":[{\"@type\":\"ListItem\",\"position\":1,\"name\":\"Startseite\",\"item\":\"https:\/\/eduard-moerike-schule.de\/\"},{\"@type\":\"ListItem\",\"position\":2,\"name\":\"Ganztagesangebot\"}]},{\"@type\":\"WebSite\",\"@id\":\"https:\/\/eduard-moerike-schule.de\/#website\",\"url\":\"https:\/\/eduard-moerike-schule.de\/\",\"name\":\"Eduard-M\u00f6rike-Grundschule Blaustein\",\"description\":\"Bunt &amp; Stark\",\"publisher\":{\"@id\":\"https:\/\/eduard-moerike-schule.de\/#organization\"},\"potentialAction\":[{\"@type\":\"SearchAction\",\"target\":{\"@type\":\"EntryPoint\",\"urlTemplate\":\"https:\/\/eduard-moerike-schule.de\/?s={search_term_string}\"},\"query-input\":{\"@type\":\"PropertyValueSpecification\",\"valueRequired\":true,\"valueName\":\"search_term_string\"}}],\"inLanguage\":\"de\"},{\"@type\":\"Organization\",\"@id\":\"https:\/\/eduard-moerike-schule.de\/#organization\",\"name\":\"Eduard-M\u00f6rike-Schule Blaustein\",\"url\":\"https:\/\/eduard-moerike-schule.de\/\",\"logo\":{\"@type\":\"ImageObject\",\"inLanguage\":\"de\",\"@id\":\"https:\/\/eduard-moerike-schule.de\/#\/schema\/logo\/image\/\",\"url\":\"https:\/\/eduard-moerike-schule.de\/wp-content\/uploads\/2017\/11\/logo_1000.jpg\",\"contentUrl\":\"https:\/\/eduard-moerike-schule.de\/wp-content\/uploads\/2017\/11\/logo_1000.jpg\",\"width\":1000,\"height\":356,\"caption\":\"Eduard-M\u00f6rike-Schule Blaustein\"},\"image\":{\"@id\":\"https:\/\/eduard-moerike-schule.de\/#\/schema\/logo\/image\/\"}}]}<\/script>\n<!-- \/ Yoast SEO plugin. -->","yoast_head_json":{"title":"St\u00fctzpunktschule Ganztag - Eduard-M\u00f6rike-Grundschule Blaustein","robots":{"index":"index","follow":"follow","max-snippet":"max-snippet:-1","max-image-preview":"max-image-preview:large","max-video-preview":"max-video-preview:-1"},"canonical":"https:\/\/eduard-moerike-schule.de\/index.php\/ganztagesangebot\/","og_locale":"de_DE","og_type":"article","og_title":"St\u00fctzpunktschule Ganztag - Eduard-M\u00f6rike-Grundschule Blaustein","og_description":"Ganztagsbetrieb Ihre Kinder sollen an unserer Schule gerne und gut lernen k\u00f6nnen und sich mit Ihrer und unserer Hilfe zu starken Pers\u00f6nlichkeiten entwickeln. Durchschnittlich 170 Sch\u00fclerinnen und Sch\u00fcler, vorwiegend aus dem Ortsteil Klingenstein, besuchen unsere Schule. Wir haben zwei Z\u00fcge pro Jahrgang sowie zwei Vorbereitungsklassen. Die N\u00e4he zur benachbarten F\u00f6rderschule macht eine enge Kooperation und &hellip; \u201eSt\u00fctzpunktschule Ganztag\u201c weiterlesen","og_url":"https:\/\/eduard-moerike-schule.de\/index.php\/ganztagesangebot\/","og_site_name":"Eduard-M\u00f6rike-Grundschule Blaustein","article_modified_time":"2023-05-12T09:15:29+00:00","og_image":[{"url":"http:\/\/eduard-moerike-schule.de\/wp-content\/uploads\/2021\/09\/Rhythmisierung-1024x732.png","type":"","width":"","height":""}],"twitter_card":"summary_large_image","twitter_misc":{"Gesch\u00e4tzte Lesezeit":"3\u00a0Minuten"},"schema":{"@context":"https:\/\/schema.org","@graph":[{"@type":"WebPage","@id":"https:\/\/eduard-moerike-schule.de\/index.php\/ganztagesangebot\/","url":"https:\/\/eduard-moerike-schule.de\/index.php\/ganztagesangebot\/","name":"St\u00fctzpunktschule Ganztag - Eduard-M\u00f6rike-Grundschule Blaustein","isPartOf":{"@id":"https:\/\/eduard-moerike-schule.de\/#website"},"primaryImageOfPage":{"@id":"https:\/\/eduard-moerike-schule.de\/index.php\/ganztagesangebot\/#primaryimage"},"image":{"@id":"https:\/\/eduard-moerike-schule.de\/index.php\/ganztagesangebot\/#primaryimage"},"thumbnailUrl":"http:\/\/eduard-moerike-schule.de\/wp-content\/uploads\/2021\/09\/Rhythmisierung-1024x732.png","datePublished":"2017-11-16T17:17:27+00:00","dateModified":"2023-05-12T09:15:29+00:00","breadcrumb":{"@id":"https:\/\/eduard-moerike-schule.de\/index.php\/ganztagesangebot\/#breadcrumb"},"inLanguage":"de","potentialAction":[{"@type":"ReadAction","target":["https:\/\/eduard-moerike-schule.de\/index.php\/ganztagesangebot\/"]}]},{"@type":"ImageObject","inLanguage":"de","@id":"https:\/\/eduard-moerike-schule.de\/index.php\/ganztagesangebot\/#primaryimage","url":"http:\/\/eduard-moerike-schule.de\/wp-content\/uploads\/2021\/09\/Rhythmisierung-1024x732.png","contentUrl":"http:\/\/eduard-moerike-schule.de\/wp-content\/uploads\/2021\/09\/Rhythmisierung-1024x732.png"},{"@type":"BreadcrumbList","@id":"https:\/\/eduard-moerike-schule.de\/index.php\/ganztagesangebot\/#breadcrumb","itemListElement":[{"@type":"ListItem","position":1,"name":"Startseite","item":"https:\/\/eduard-moerike-schule.de\/"},{"@type":"ListItem","position":2,"name":"Ganztagesangebot"}]},{"@type":"WebSite","@id":"https:\/\/eduard-moerike-schule.de\/#website","url":"https:\/\/eduard-moerike-schule.de\/","name":"Eduard-M\u00f6rike-Grundschule Blaustein","description":"Bunt &amp; Stark","publisher":{"@id":"https:\/\/eduard-moerike-schule.de\/#organization"},"potentialAction":[{"@type":"SearchAction","target":{"@type":"EntryPoint","urlTemplate":"https:\/\/eduard-moerike-schule.de\/?s={search_term_string}"},"query-input":{"@type":"PropertyValueSpecification","valueRequired":true,"valueName":"search_term_string"}}],"inLanguage":"de"},{"@type":"Organization","@id":"https:\/\/eduard-moerike-schule.de\/#organization","name":"Eduard-M\u00f6rike-Schule Blaustein","url":"https:\/\/eduard-moerike-schule.de\/","logo":{"@type":"ImageObject","inLanguage":"de","@id":"https:\/\/eduard-moerike-schule.de\/#\/schema\/logo\/image\/","url":"https:\/\/eduard-moerike-schule.de\/wp-content\/uploads\/2017\/11\/logo_1000.jpg","contentUrl":"https:\/\/eduard-moerike-schule.de\/wp-content\/uploads\/2017\/11\/logo_1000.jpg","width":1000,"height":356,"caption":"Eduard-M\u00f6rike-Schule Blaustein"},"image":{"@id":"https:\/\/eduard-moerike-schule.de\/#\/schema\/logo\/image\/"}}]}},"_links":{"self":[{"href":"https:\/\/eduard-moerike-schule.de\/index.php\/wp-json\/wp\/v2\/pages\/184","targetHints":{"allow":["GET"]}}],"collection":[{"href":"https:\/\/eduard-moerike-schule.de\/index.php\/wp-json\/wp\/v2\/pages"}],"about":[{"href":"https:\/\/eduard-moerike-schule.de\/index.php\/wp-json\/wp\/v2\/types\/page"}],"author":[{"embeddable":true,"href":"https:\/\/eduard-moerike-schule.de\/index.php\/wp-json\/wp\/v2\/users\/1"}],"replies":[{"embeddable":true,"href":"https:\/\/eduard-moerike-schule.de\/index.php\/wp-json\/wp\/v2\/comments?post=184"}],"version-history":[{"count":35,"href":"https:\/\/eduard-moerike-schule.de\/index.php\/wp-json\/wp\/v2\/pages\/184\/revisions"}],"predecessor-version":[{"id":2472,"href":"https:\/\/eduard-moerike-schule.de\/index.php\/wp-json\/wp\/v2\/pages\/184\/revisions\/2472"}],"wp:attachment":[{"href":"https:\/\/eduard-moerike-schule.de\/index.php\/wp-json\/wp\/v2\/media?parent=184"}],"curies":[{"name":"wp","href":"https:\/\/api.w.org\/{rel}","templated":true}]}}